{"id":2648,"date":"2022-12-14T10:19:25","date_gmt":"2022-12-14T10:19:25","guid":{"rendered":"https:\/\/www.jonsac.com\/?page_id=2648"},"modified":"2025-12-04T13:30:02","modified_gmt":"2025-12-04T13:30:02","slug":"contact","status":"publish","type":"page","link":"https:\/\/www.jonsac.com\/en\/contact\/","title":{"rendered":"Contact"},"content":{"rendered":"<p>[et_pb_section fb_built=&#8221;1&#8243; _builder_version=&#8221;4.19.0&#8243; _module_preset=&#8221;default&#8221; background_image=&#8221;http:\/\/www.jonsac.com\/wp-content\/uploads\/2022\/11\/trad.jpg&#8221; custom_padding=&#8221;30px||0px|||&#8221; global_colors_info=&#8221;{}&#8221;][et_pb_row column_structure=&#8221;1_2,1_2&#8243; _builder_version=&#8221;4.19.0&#8243; _module_preset=&#8221;default&#8221; custom_padding=&#8221;0px||0px|||&#8221; global_colors_info=&#8221;{}&#8221;][et_pb_column type=&#8221;1_2&#8243; _builder_version=&#8221;4.19.0&#8243; _module_preset=&#8221;default&#8221; global_colors_info=&#8221;{}&#8221;][et_pb_text _builder_version=&#8221;4.19.0&#8243; _module_preset=&#8221;default&#8221; custom_padding=&#8221;||0px|||&#8221; global_colors_info=&#8221;{}&#8221;]<\/p>\n<h1><span style=\"color: #4f4f4f;\"><strong><span style=\"font-size: 24px;\">CONTACT US<br \/><\/span><\/strong><\/span><\/h1>\n<p><strong><span style=\"color: #4f4f4f;\"><span style=\"font-size: 18px;\"><span data-contrast=\"auto\" xml:lang=\"EN-US\" lang=\"EN-US\" class=\"TextRun Highlight SCXW92553765 BCX0\"><span class=\"NormalTextRun SCXW92553765 BCX0\">How can we help you?<\/span><\/span><\/span><\/span><\/strong><\/p>\n<p>&nbsp;<\/p>\n<p><span style=\"color: #ffffff;\"><span style=\"font-size: 18px;\"><b><\/b><\/span><\/span><\/p>\n<p><span style=\"color: #ffffff;\"><strong>\u00a0<\/strong><\/span><\/p>\n<p>[\/et_pb_text][\/et_pb_column][et_pb_column type=&#8221;1_2&#8243; _builder_version=&#8221;4.19.0&#8243; _module_preset=&#8221;default&#8221; global_colors_info=&#8221;{}&#8221;][\/et_pb_column][\/et_pb_row][\/et_pb_section][et_pb_section fb_built=&#8221;1&#8243; _builder_version=&#8221;4.19.0&#8243; _module_preset=&#8221;default&#8221; background_enable_color=&#8221;off&#8221; background_enable_image=&#8221;off&#8221; width=&#8221;100%&#8221; min_height=&#8221;360.6px&#8221; custom_margin=&#8221;||2px|||&#8221; custom_padding=&#8221;14px||97px|||&#8221; global_colors_info=&#8221;{}&#8221;][et_pb_row _builder_version=&#8221;4.19.0&#8243; _module_preset=&#8221;default&#8221; custom_padding=&#8221;0px|||||&#8221; global_colors_info=&#8221;{}&#8221;][et_pb_column type=&#8221;4_4&#8243; _builder_version=&#8221;4.19.0&#8243; _module_preset=&#8221;default&#8221; global_colors_info=&#8221;{}&#8221;][et_pb_divider color=&#8221;#4f4f4f&#8221; _builder_version=&#8221;4.19.0&#8243; _module_preset=&#8221;default&#8221; custom_margin=&#8221;||21px|||&#8221; global_colors_info=&#8221;{}&#8221;][\/et_pb_divider][\/et_pb_column][\/et_pb_row][et_pb_row column_structure=&#8221;1_3,1_3,1_3&#8243; _builder_version=&#8221;4.19.0&#8243; _module_preset=&#8221;default&#8221; min_height=&#8221;162.6px&#8221; custom_margin=&#8221;-29px|auto||auto||&#8221; custom_padding=&#8221;4px||19px|||&#8221; global_colors_info=&#8221;{}&#8221;][et_pb_column type=&#8221;1_3&#8243; _builder_version=&#8221;4.19.0&#8243; _module_preset=&#8221;default&#8221; global_colors_info=&#8221;{}&#8221;][et_pb_blurb title=&#8221;Telephone&#8221; use_icon=&#8221;on&#8221; font_icon=&#8221;&#xf879;||fa||900&#8243; icon_color=&#8221;#007cc2&#8243; _builder_version=&#8221;4.19.0&#8243; _module_preset=&#8221;default&#8221; header_text_align=&#8221;center&#8221; global_colors_info=&#8221;{}&#8221;]<\/p>\n<p style=\"text-align: center;\">+46 (0)551-36550<\/p>\n<p>[\/et_pb_blurb][\/et_pb_column][et_pb_column type=&#8221;1_3&#8243; _builder_version=&#8221;4.19.0&#8243; _module_preset=&#8221;default&#8221; global_colors_info=&#8221;{}&#8221;][et_pb_blurb title=&#8221;E-mail&#8221; use_icon=&#8221;on&#8221; font_icon=&#8221;&#xf1fa;||fa||900&#8243; icon_color=&#8221;#007cc2&#8243; _builder_version=&#8221;4.19.0&#8243; _module_preset=&#8221;default&#8221; header_text_align=&#8221;center&#8221; global_colors_info=&#8221;{}&#8221;]<\/p>\n<p style=\"text-align: center;\">info@jonsac.com<\/p>\n<p>[\/et_pb_blurb][\/et_pb_column][et_pb_column type=&#8221;1_3&#8243; _builder_version=&#8221;4.19.0&#8243; _module_preset=&#8221;default&#8221; global_colors_info=&#8221;{}&#8221;][et_pb_blurb title=&#8221;Address&#8221; use_icon=&#8221;on&#8221; font_icon=&#8221;&#xf5a0;||fa||900&#8243; icon_color=&#8221;#007cc2&#8243; _builder_version=&#8221;4.19.0&#8243; _module_preset=&#8221;default&#8221; header_text_align=&#8221;center&#8221; custom_padding=&#8221;|||12px||&#8221; global_colors_info=&#8221;{}&#8221;]<\/p>\n<p style=\"text-align: center;\">Amnev\u00e4gen 35, Otterb\u00e4cken<\/p>\n<p>[\/et_pb_blurb][\/et_pb_column][\/et_pb_row][\/et_pb_section][et_pb_section fb_built=&#8221;1&#8243; _builder_version=&#8221;4.19.0&#8243; _module_preset=&#8221;default&#8221; background_color=&#8221;#FFFFFF&#8221; background_enable_image=&#8221;off&#8221; width=&#8221;100%&#8221; custom_margin=&#8221;-29px|||||&#8221; custom_padding=&#8221;4px||24px|||&#8221; global_colors_info=&#8221;{}&#8221;][et_pb_row _builder_version=&#8221;4.19.0&#8243; _module_preset=&#8221;default&#8221; min_height=&#8221;35.8px&#8221; custom_margin=&#8221;-6px|auto||auto||&#8221; custom_padding=&#8221;0px||6px|||&#8221; global_colors_info=&#8221;{}&#8221;][et_pb_column type=&#8221;4_4&#8243; _builder_version=&#8221;4.19.0&#8243; _module_preset=&#8221;default&#8221; global_colors_info=&#8221;{}&#8221;][et_pb_divider color=&#8221;#4f4f4f&#8221; _builder_version=&#8221;4.19.0&#8243; _module_preset=&#8221;default&#8221; custom_margin=&#8221;16px||21px|||&#8221; custom_padding=&#8221;||15px|||&#8221; global_colors_info=&#8221;{}&#8221;][\/et_pb_divider][\/et_pb_column][\/et_pb_row][et_pb_row column_structure=&#8221;1_3,1_3,1_3&#8243; _builder_version=&#8221;4.19.0&#8243; _module_preset=&#8221;default&#8221; custom_margin=&#8221;|auto|-25px|auto||&#8221; custom_padding=&#8221;0px||37px|||&#8221; global_colors_info=&#8221;{}&#8221;][et_pb_column type=&#8221;1_3&#8243; _builder_version=&#8221;4.19.0&#8243; _module_preset=&#8221;default&#8221; border_style_all=&#8221;none&#8221; border_width_top=&#8221;1px&#8221; border_color_top=&#8221;#accee2&#8243; global_colors_info=&#8221;{}&#8221;][et_pb_icon font_icon=&#8221;&#xe08a;||divi||400&#8243; icon_color=&#8221;#007cc2&#8243; icon_width=&#8221;60px&#8221; _builder_version=&#8221;4.19.0&#8243; _module_preset=&#8221;default&#8221; global_colors_info=&#8221;{}&#8221;][\/et_pb_icon][et_pb_text _builder_version=&#8221;4.19.0&#8243; _module_preset=&#8221;default&#8221; custom_padding=&#8221;||27px|||&#8221; global_colors_info=&#8221;{}&#8221;]<\/p>\n<h4 class=\"et_pb_module_header\" style=\"text-align: center;\"><span>CEO<\/span><\/h4>\n<div class=\"et_pb_blurb_description\">\n<p style=\"text-align: center;\"><strong>Torbj\u00f6rn Rodhe<\/strong><\/p>\n<p style=\"text-align: center;\"><span>+46 (0)739 363 660<br \/>torbjorn.rodhe@norbag.com<\/span><\/p>\n<\/div>\n<p>[\/et_pb_text][\/et_pb_column][et_pb_column type=&#8221;1_3&#8243; _builder_version=&#8221;4.19.0&#8243; _module_preset=&#8221;default&#8221; global_colors_info=&#8221;{}&#8221;][et_pb_icon font_icon=&#8221;&#xe08a;||divi||400&#8243; icon_color=&#8221;#007cc2&#8243; icon_width=&#8221;60px&#8221; _builder_version=&#8221;4.19.0&#8243; _module_preset=&#8221;default&#8221; global_colors_info=&#8221;{}&#8221;][\/et_pb_icon][et_pb_text _builder_version=&#8221;4.19.0&#8243; _module_preset=&#8221;default&#8221; global_colors_info=&#8221;{}&#8221;]<\/p>\n<h4 class=\"et_pb_module_header\" style=\"text-align: center;\"><span>Site Manager<\/span><\/h4>\n<div class=\"et_pb_blurb_description\">\n<p style=\"text-align: center;\"><strong>Stefan Montarius<\/strong><\/p>\n<p style=\"text-align: center;\"><span style=\"font-size: 14px;\">+46 (0)765502877<br \/>stefan.montarius@jonsac.se<\/span><\/p>\n<\/div>\n<p>[\/et_pb_text][\/et_pb_column][et_pb_column type=&#8221;1_3&#8243; _builder_version=&#8221;4.19.0&#8243; _module_preset=&#8221;default&#8221; global_colors_info=&#8221;{}&#8221;][et_pb_icon font_icon=&#8221;&#xe08a;||divi||400&#8243; icon_color=&#8221;#007cc2&#8243; icon_width=&#8221;60px&#8221; _builder_version=&#8221;4.19.0&#8243; _module_preset=&#8221;default&#8221; global_colors_info=&#8221;{}&#8221;][\/et_pb_icon][et_pb_text _builder_version=&#8221;4.19.0&#8243; _module_preset=&#8221;default&#8221; header_4_text_align=&#8221;center&#8221; text_orientation=&#8221;center&#8221; global_colors_info=&#8221;{}&#8221;]<\/p>\n<h4 class=\"et_pb_module_header\">Business Development<\/h4>\n<div class=\"et_pb_blurb_description\">\n<p><strong>Christian Skoglund<\/strong><\/p>\n<p>+46 (0)72-447 1303<br \/><span style=\"font-size: 14px;\">christian.skoglund@jonsac.se<\/span><\/p>\n<\/div>\n<p>[\/et_pb_text][\/et_pb_column][\/et_pb_row][et_pb_row column_structure=&#8221;1_3,1_3,1_3&#8243; _builder_version=&#8221;4.19.0&#8243; _module_preset=&#8221;default&#8221; min_height=&#8221;162.6px&#8221; custom_padding=&#8221;||13px|||&#8221; global_colors_info=&#8221;{}&#8221;][et_pb_column type=&#8221;1_3&#8243; _builder_version=&#8221;4.19.0&#8243; _module_preset=&#8221;default&#8221; global_colors_info=&#8221;{}&#8221;][et_pb_icon font_icon=&#8221;&#xe08a;||divi||400&#8243; icon_color=&#8221;#007cc2&#8243; icon_width=&#8221;60px&#8221; _builder_version=&#8221;4.19.0&#8243; _module_preset=&#8221;default&#8221; global_colors_info=&#8221;{}&#8221;][\/et_pb_icon][et_pb_text _builder_version=&#8221;4.19.0&#8243; _module_preset=&#8221;default&#8221; global_colors_info=&#8221;{}&#8221;]<\/p>\n<h4 class=\"et_pb_module_header\" style=\"text-align: center;\"><span>Sales Partners and Distribution<\/span><\/h4>\n<div class=\"et_pb_blurb_description\">\n<p style=\"text-align: center;\"><strong>Maria Westin<\/strong><\/p>\n<p style=\"text-align: center;\">+46 (0)737-42 31 90<br \/>maria.westin@jonsac.se<\/p>\n<\/div>\n<p>[\/et_pb_text][\/et_pb_column][et_pb_column type=&#8221;1_3&#8243; _builder_version=&#8221;4.19.0&#8243; _module_preset=&#8221;default&#8221; global_colors_info=&#8221;{}&#8221;][et_pb_icon font_icon=&#8221;&#xe08a;||divi||400&#8243; icon_color=&#8221;#007cc2&#8243; icon_width=&#8221;60px&#8221; _builder_version=&#8221;4.19.0&#8243; _module_preset=&#8221;default&#8221; global_colors_info=&#8221;{}&#8221;][\/et_pb_icon][et_pb_text _builder_version=&#8221;4.19.0&#8243; _module_preset=&#8221;default&#8221; header_4_text_align=&#8221;center&#8221; text_orientation=&#8221;center&#8221; hover_enabled=&#8221;0&#8243; global_colors_info=&#8221;{}&#8221; sticky_enabled=&#8221;0&#8243;]<\/p>\n<h4 class=\"et_pb_module_header\"><span>Sales \u2013 Industrial bags<\/span><\/h4>\n<div class=\"et_pb_blurb_description\">\n<p><strong>Dawan Kader<\/strong><\/p>\n<p>+46 (0)765-29 29 86<br \/><span style=\"font-size: 14px;\">dawan.kader@jonsac.se<\/span><\/p>\n<\/div>\n<p>[\/et_pb_text][\/et_pb_column][et_pb_column type=&#8221;1_3&#8243; _builder_version=&#8221;4.19.0&#8243; _module_preset=&#8221;default&#8221; global_colors_info=&#8221;{}&#8221;][et_pb_icon font_icon=&#8221;&#xe08a;||divi||400&#8243; icon_color=&#8221;#007cc2&#8243; icon_width=&#8221;60px&#8221; disabled_on=&#8221;off|off|off&#8221; _builder_version=&#8221;4.19.0&#8243; _module_preset=&#8221;default&#8221; global_colors_info=&#8221;{}&#8221;][\/et_pb_icon][et_pb_text _builder_version=&#8221;4.19.0&#8243; _module_preset=&#8221;default&#8221; global_colors_info=&#8221;{}&#8221;]<\/p>\n<h4 class=\"et_pb_module_header\" style=\"text-align: center;\"><span>Order Administration<\/span><\/h4>\n<div class=\"et_pb_blurb_description\">\n<p style=\"text-align: center;\"><strong>Patrik Wallgren<\/strong><\/p>\n<p style=\"text-align: center;\">+46 (0)551-365 70<br \/><span style=\"font-size: 14px;\">patrik.wallgren@jonsac.se<\/span><\/p>\n<\/div>\n<p>[\/et_pb_text][\/et_pb_column][\/et_pb_row][et_pb_row column_structure=&#8221;1_4,1_4,1_4,1_4&#8243; _builder_version=&#8221;4.19.0&#8243; _module_preset=&#8221;default&#8221; min_height=&#8221;162.6px&#8221; custom_padding=&#8221;64px||13px|||&#8221; global_colors_info=&#8221;{}&#8221;][et_pb_column type=&#8221;1_4&#8243; _builder_version=&#8221;4.19.0&#8243; _module_preset=&#8221;default&#8221; global_colors_info=&#8221;{}&#8221;][\/et_pb_column][et_pb_column type=&#8221;1_4&#8243; _builder_version=&#8221;4.19.0&#8243; _module_preset=&#8221;default&#8221; global_colors_info=&#8221;{}&#8221;][et_pb_icon font_icon=&#8221;&#xe08a;||divi||400&#8243; icon_color=&#8221;#007cc2&#8243; icon_width=&#8221;60px&#8221; _builder_version=&#8221;4.19.0&#8243; _module_preset=&#8221;default&#8221; global_colors_info=&#8221;{}&#8221;][\/et_pb_icon][et_pb_text _builder_version=&#8221;4.19.0&#8243; _module_preset=&#8221;default&#8221; hover_enabled=&#8221;0&#8243; global_colors_info=&#8221;{}&#8221; sticky_enabled=&#8221;0&#8243;]<\/p>\n<h4 class=\"et_pb_module_header\" style=\"text-align: center;\"><span>Nordic Sales <\/span>\u2013 E-com bags<\/h4>\n<div class=\"et_pb_blurb_description\">\n<p style=\"text-align: center;\"><strong>Ibrahim Abdulle<\/strong><\/p>\n<p style=\"text-align: center;\">+46 (0)721-47 58 61<br \/>ibrahim.abdulle@norbag.com<\/p>\n<\/div>\n<p>[\/et_pb_text][\/et_pb_column][et_pb_column type=&#8221;1_4&#8243; _builder_version=&#8221;4.19.0&#8243; _module_preset=&#8221;default&#8221; global_colors_info=&#8221;{}&#8221;][et_pb_icon font_icon=&#8221;&#xe08a;||divi||400&#8243; icon_color=&#8221;#007cc2&#8243; icon_width=&#8221;60px&#8221; _builder_version=&#8221;4.19.0&#8243; _module_preset=&#8221;default&#8221; global_colors_info=&#8221;{}&#8221;][\/et_pb_icon][et_pb_text _builder_version=&#8221;4.19.0&#8243; _module_preset=&#8221;default&#8221; header_4_text_align=&#8221;center&#8221; text_orientation=&#8221;center&#8221; global_colors_info=&#8221;{}&#8221;]<\/p>\n<h4 class=\"et_pb_module_header\"><span>Export Sales \u2013 E-com bags<\/span><\/h4>\n<div class=\"et_pb_blurb_description\">\n<p><strong>Marcus Elms\u00e4ter<\/strong><\/p>\n<p>+46 (0)704-44 43 80<br \/><span style=\"font-size: 14px;\">marcus.elmsater@norbag.com<\/span><\/p>\n<\/div>\n<p>[\/et_pb_text][\/et_pb_column][et_pb_column type=&#8221;1_4&#8243; _builder_version=&#8221;4.19.0&#8243; _module_preset=&#8221;default&#8221; global_colors_info=&#8221;{}&#8221;][\/et_pb_column][\/et_pb_row][\/et_pb_section][et_pb_section fb_built=&#8221;1&#8243; _builder_version=&#8221;4.19.0&#8243; _module_preset=&#8221;default&#8221; background_image=&#8221;http:\/\/www.jonsac.com\/wp-content\/uploads\/2022\/11\/trad.jpg&#8221; custom_margin=&#8221;-19px|||||&#8221; custom_padding=&#8221;15px||0px|||&#8221; global_colors_info=&#8221;{}&#8221;][et_pb_row _builder_version=&#8221;4.19.0&#8243; _module_preset=&#8221;default&#8221; custom_margin=&#8221;-27px|auto||auto||&#8221; custom_padding=&#8221;101px||0px|||&#8221; global_colors_info=&#8221;{}&#8221;][et_pb_column type=&#8221;4_4&#8243; _builder_version=&#8221;4.19.0&#8243; _module_preset=&#8221;default&#8221; global_colors_info=&#8221;{}&#8221;][et_pb_divider color=&#8221;#638f9b&#8221; divider_style=&#8221;double&#8221; divider_position=&#8221;center&#8221; _builder_version=&#8221;4.19.0&#8243; _module_preset=&#8221;default&#8221; custom_margin=&#8221;-31px|||||&#8221; custom_padding=&#8221;0px|||||&#8221; global_colors_info=&#8221;{}&#8221;][\/et_pb_divider][\/et_pb_column][\/et_pb_row][et_pb_row _builder_version=&#8221;4.19.0&#8243; _module_preset=&#8221;default&#8221; global_colors_info=&#8221;{}&#8221;][et_pb_column type=&#8221;4_4&#8243; _builder_version=&#8221;4.19.0&#8243; _module_preset=&#8221;default&#8221; global_colors_info=&#8221;{}&#8221;][\/et_pb_column][\/et_pb_row][et_pb_row _builder_version=&#8221;4.19.0&#8243; _module_preset=&#8221;default&#8221; global_colors_info=&#8221;{}&#8221;][et_pb_column type=&#8221;4_4&#8243; _builder_version=&#8221;4.19.0&#8243; _module_preset=&#8221;default&#8221; global_colors_info=&#8221;{}&#8221;][\/et_pb_column][\/et_pb_row][\/et_pb_section][et_pb_section fb_built=&#8221;1&#8243; fullwidth=&#8221;on&#8221; _builder_version=&#8221;4.19.0&#8243; _module_preset=&#8221;default&#8221; global_colors_info=&#8221;{}&#8221;][\/et_pb_section][et_pb_section fb_built=&#8221;1&#8243; fullwidth=&#8221;on&#8221; _builder_version=&#8221;4.19.0&#8243; _module_preset=&#8221;default&#8221; global_colors_info=&#8221;{}&#8221;][\/et_pb_section]<\/p>\n","protected":false},"excerpt":{"rendered":"<p>CONTACT US How can we help you? &nbsp; \u00a0+46 (0)551-36550info@jonsac.comAmnev\u00e4gen 35, Otterb\u00e4ckenCEO Torbj\u00f6rn Rodhe +46 (0)739 363 660torbjorn.rodhe@norbag.com Site Manager Stefan Montarius +46 (0)765502877stefan.montarius@jonsac.se Business Development Christian Skoglund +46 (0)72-447 1303christian.skoglund@jonsac.se Sales Partners and Distribution Maria Westin +46 (0)737-42 31 90maria.westin@jonsac.se Sales \u2013 Industrial bags Dawan Kader +46 (0)765-29 29 86dawan.kader@jonsac.se Order Administration Patrik Wallgren [&hellip;]<\/p>\n","protected":false},"author":2,"featured_media":0,"parent":0,"menu_order":0,"comment_status":"closed","ping_status":"closed","template":"","meta":{"_et_pb_use_builder":"on","_et_pb_old_content":"","_et_gb_content_width":"","footnotes":""},"class_list":["post-2648","page","type-page","status-publish","hentry"],"_links":{"self":[{"href":"https:\/\/www.jonsac.com\/en\/wp-json\/wp\/v2\/pages\/2648"}],"collection":[{"href":"https:\/\/www.jonsac.com\/en\/wp-json\/wp\/v2\/pages"}],"about":[{"href":"https:\/\/www.jonsac.com\/en\/wp-json\/wp\/v2\/types\/page"}],"author":[{"embeddable":true,"href":"https:\/\/www.jonsac.com\/en\/wp-json\/wp\/v2\/users\/2"}],"replies":[{"embeddable":true,"href":"https:\/\/www.jonsac.com\/en\/wp-json\/wp\/v2\/comments?post=2648"}],"version-history":[{"count":48,"href":"https:\/\/www.jonsac.com\/en\/wp-json\/wp\/v2\/pages\/2648\/revisions"}],"predecessor-version":[{"id":3942,"href":"https:\/\/www.jonsac.com\/en\/wp-json\/wp\/v2\/pages\/2648\/revisions\/3942"}],"wp:attachment":[{"href":"https:\/\/www.jonsac.com\/en\/wp-json\/wp\/v2\/media?parent=2648"}],"curies":[{"name":"wp","href":"https:\/\/api.w.org\/{rel}","templated":true}]}}