{"id":2672,"date":"2022-12-14T10:39:00","date_gmt":"2022-12-14T09:39:00","guid":{"rendered":"https:\/\/www.jonsac.com\/?page_id=2672"},"modified":"2024-11-07T10:05:37","modified_gmt":"2024-11-07T10:05:37","slug":"start","status":"publish","type":"page","link":"https:\/\/www.jonsac.com\/se\/","title":{"rendered":"START"},"content":{"rendered":"<p>[et_pb_section fb_built=&#8221;1&#8243; _builder_version=&#8221;4.19.0&#8243; _module_preset=&#8221;default&#8221; background_color=&#8221;rgba(178,189,193,0)&#8221; background_image=&#8221;http:\/\/www.jonsac.com\/se\/wp-content\/uploads\/sites\/8\/2024\/08\/jonsac_start.jpg&#8221; width=&#8221;100%&#8221; custom_margin=&#8221;||19px|||&#8221; custom_padding=&#8221;78px||0px|||&#8221; global_colors_info=&#8221;{}&#8221;][et_pb_row column_structure=&#8221;1_2,1_2&#8243; _builder_version=&#8221;4.19.0&#8243; _module_preset=&#8221;default&#8221; min_height=&#8221;509.2px&#8221; custom_margin=&#8221;|auto|-4px|auto||&#8221; custom_padding=&#8221;1px||11px|||&#8221; global_colors_info=&#8221;{}&#8221;][et_pb_column type=&#8221;1_2&#8243; _builder_version=&#8221;4.19.0&#8243; _module_preset=&#8221;default&#8221; border_style_all=&#8221;none&#8221; border_width_top=&#8221;1px&#8221; border_color_top=&#8221;#accee2&#8243; global_colors_info=&#8221;{}&#8221;][et_pb_text _builder_version=&#8221;4.19.0&#8243; _module_preset=&#8221;default&#8221; min_height=&#8221;341.8px&#8221; custom_margin=&#8221;18px||75px|||&#8221; custom_padding=&#8221;||34px|93px||&#8221; filter_hue_rotate=&#8221;50deg&#8221; filter_brightness=&#8221;99%&#8221; animation_style=&#8221;fade&#8221; global_colors_info=&#8221;{}&#8221;]<\/p>\n<p><strong style=\"font-size: x-large;\"><\/strong><\/p>\n<p><span style=\"color: #ffffff; font-size: xx-large;\"><strong>Svensk produktion<\/strong><\/span><\/p>\n<p><span style=\"color: #ffffff;\"><strong style=\"font-size: x-large;\"> <\/strong><\/span><\/p>\n<p><span style=\"color: #ffffff;\"><strong style=\"font-size: x-large;\"><\/strong><strong style=\"font-size: x-large;\">E-handelsp\u00e5sar f\u00f6r framtiden<\/strong><strong><\/strong><\/span><\/p>\n<p><span style=\"color: #ffffff;\"><strong><span style=\"font-size: large;\">Jonsac har mer \u00e4n 65 \u00e5rs erfarenhet av tillverkning av p\u00e5sar, s\u00e4ckar och emballage av papper. Erfarenhet som vi f\u00f6rvaltat och f\u00f6rfinat under \u00e5rens lopp f\u00f6r att bli den ledande akt\u00f6r vi idag \u00e4r p\u00e5 marknaden.<\/span><\/strong><\/span><\/p>\n<p><span style=\"color: #ffffff;\"><strong><span style=\"font-size: large;\">I Otterb\u00e4cken vid V\u00e4nern, i v\u00e5r toppmoderna produktionsanl\u00e4ggning, tillverkar vi v\u00e4rldsledande s\u00e4ckar och e-handelsp\u00e5sar av papper. <\/span><\/strong><\/span><\/p>\n<p><span style=\"color: #ffffff;\"><strong><span style=\"font-size: large;\">Pappersprodukter som tillverkas av certifierad tr\u00e4r\u00e5vara av l\u00e5ngsamt v\u00e4xande gran och tall vilket ger p\u00e5sar och s\u00e4ckar som \u00e4r b\u00e5de tunna och starka.<\/span><\/strong><\/span><\/p>\n<p>[\/et_pb_text][\/et_pb_column][et_pb_column type=&#8221;1_2&#8243; _builder_version=&#8221;4.19.0&#8243; _module_preset=&#8221;default&#8221; global_colors_info=&#8221;{}&#8221;][\/et_pb_column][\/et_pb_row][\/et_pb_section][et_pb_section fb_built=&#8221;1&#8243; _builder_version=&#8221;4.19.0&#8243; _module_preset=&#8221;default&#8221; background_color=&#8221;RGBA(255,255,255,0)&#8221; background_enable_image=&#8221;off&#8221; width=&#8221;100%&#8221; min_height=&#8221;492.8px&#8221; custom_margin=&#8221;-71px|||||&#8221; custom_padding=&#8221;79px||24px|||&#8221; global_colors_info=&#8221;{}&#8221;][et_pb_row _builder_version=&#8221;4.19.0&#8243; _module_preset=&#8221;default&#8221; custom_margin=&#8221;-28px|auto||auto||&#8221; custom_padding=&#8221;||27px|||&#8221; global_colors_info=&#8221;{}&#8221;][et_pb_column type=&#8221;4_4&#8243; _builder_version=&#8221;4.19.0&#8243; _module_preset=&#8221;default&#8221; global_colors_info=&#8221;{}&#8221;][et_pb_divider color=&#8221;#4f4f4f&#8221; _builder_version=&#8221;4.19.0&#8243; _module_preset=&#8221;default&#8221; global_colors_info=&#8221;{}&#8221;][\/et_pb_divider][\/et_pb_column][\/et_pb_row][et_pb_row column_structure=&#8221;1_4,1_4,1_4,1_4&#8243; _builder_version=&#8221;4.19.0&#8243; _module_preset=&#8221;default&#8221; custom_margin=&#8221;|auto|-25px|auto||&#8221; custom_padding=&#8221;0px|||||&#8221; global_colors_info=&#8221;{}&#8221;][et_pb_column type=&#8221;1_4&#8243; _builder_version=&#8221;4.19.0&#8243; _module_preset=&#8221;default&#8221; border_style_all=&#8221;none&#8221; border_width_top=&#8221;1px&#8221; border_color_top=&#8221;#accee2&#8243; global_colors_info=&#8221;{}&#8221;][et_pb_icon font_icon=&#8221;&#xf1bb;||fa||900&#8243; icon_color=&#8221;#007cc2&#8243; icon_width=&#8221;60px&#8221; _builder_version=&#8221;4.19.0&#8243; _module_preset=&#8221;default&#8221; global_colors_info=&#8221;{}&#8221;][\/et_pb_icon][et_pb_text _builder_version=&#8221;4.19.0&#8243; _module_preset=&#8221;default&#8221; custom_padding=&#8221;||27px|||&#8221; global_colors_info=&#8221;{}&#8221;]<\/p>\n<p style=\"text-align: center;\">FSC\u00ae-certifierad tr\u00e4r\u00e5vara<br \/>FSC-C173006 <\/p>\n<p>[\/et_pb_text][\/et_pb_column][et_pb_column type=&#8221;1_4&#8243; _builder_version=&#8221;4.19.0&#8243; _module_preset=&#8221;default&#8221; global_colors_info=&#8221;{}&#8221;][et_pb_icon font_icon=&#8221;&#xe013;||divi||400&#8243; icon_color=&#8221;#007cc2&#8243; icon_width=&#8221;60px&#8221; _builder_version=&#8221;4.19.0&#8243; _module_preset=&#8221;default&#8221; global_colors_info=&#8221;{}&#8221;][\/et_pb_icon][et_pb_text _builder_version=&#8221;4.19.0&#8243; _module_preset=&#8221;default&#8221; global_colors_info=&#8221;{}&#8221;]<\/p>\n<p style=\"text-align: center\">Fibrer fr\u00e5n l\u00e5ngsamt v\u00e4xande skog ger ett tunt men starkt material<\/p>\n<p>[\/et_pb_text][\/et_pb_column][et_pb_column type=&#8221;1_4&#8243; _builder_version=&#8221;4.19.0&#8243; _module_preset=&#8221;default&#8221; global_colors_info=&#8221;{}&#8221;][et_pb_icon font_icon=&#8221;&#xf06c;||fa||900&#8243; icon_color=&#8221;#007cc2&#8243; icon_width=&#8221;60px&#8221; _builder_version=&#8221;4.19.0&#8243; _module_preset=&#8221;default&#8221; global_colors_info=&#8221;{}&#8221;][\/et_pb_icon][et_pb_text _builder_version=&#8221;4.19.0&#8243; _module_preset=&#8221;default&#8221; global_colors_info=&#8221;{}&#8221;]<\/p>\n<p style=\"text-align: center\">Skogen absorberar CO2 n\u00e4r den v\u00e4xer vilket s\u00e4nker koldioxidavtrycket. F\u00f6r varje f\u00e4llt tr\u00e4d planteras tre nya<\/p>\n<p>[\/et_pb_text][\/et_pb_column][et_pb_column type=&#8221;1_4&#8243; _builder_version=&#8221;4.19.0&#8243; _module_preset=&#8221;default&#8221; global_colors_info=&#8221;{}&#8221;][et_pb_icon font_icon=&#8221;&#xf275;||fa||900&#8243; icon_color=&#8221;#007cc2&#8243; icon_width=&#8221;60px&#8221; _builder_version=&#8221;4.19.0&#8243; _module_preset=&#8221;default&#8221; global_colors_info=&#8221;{}&#8221;][\/et_pb_icon][et_pb_text _builder_version=&#8221;4.19.0&#8243; _module_preset=&#8221;default&#8221; global_colors_info=&#8221;{}&#8221;]<\/p>\n<p style=\"text-align: center\">V\u00e5r fabrik \u00e4r lokaliserad mitt i Sverige vilket ger bra r\u00e4ckvidd<\/p>\n<p>[\/et_pb_text][\/et_pb_column][\/et_pb_row][et_pb_row column_structure=&#8221;1_4,1_4,1_4,1_4&#8243; _builder_version=&#8221;4.19.0&#8243; _module_preset=&#8221;default&#8221; min_height=&#8221;162.6px&#8221; custom_padding=&#8221;||13px|||&#8221; global_colors_info=&#8221;{}&#8221;][et_pb_column type=&#8221;1_4&#8243; _builder_version=&#8221;4.19.0&#8243; _module_preset=&#8221;default&#8221; global_colors_info=&#8221;{}&#8221;][et_pb_icon font_icon=&#8221;&#xe01f;||divi||400&#8243; icon_color=&#8221;#007cc2&#8243; icon_width=&#8221;60px&#8221; _builder_version=&#8221;4.19.0&#8243; _module_preset=&#8221;default&#8221; global_colors_info=&#8221;{}&#8221;][\/et_pb_icon][et_pb_text _builder_version=&#8221;4.19.0&#8243; _module_preset=&#8221;default&#8221; global_colors_info=&#8221;{}&#8221;]<\/p>\n<p style=\"text-align: center\">Korta avst\u00e5nd mellan v\u00e5r fabrik och\u00a0 pappersmassa-fabrik ger l\u00e4gre CO2-utsl\u00e4pp<\/p>\n<p>[\/et_pb_text][\/et_pb_column][et_pb_column type=&#8221;1_4&#8243; _builder_version=&#8221;4.19.0&#8243; _module_preset=&#8221;default&#8221; global_colors_info=&#8221;{}&#8221;][et_pb_icon font_icon=&#8221;&#xf576;||fa||900&#8243; icon_color=&#8221;#007cc2&#8243; icon_width=&#8221;60px&#8221; _builder_version=&#8221;4.19.0&#8243; _module_preset=&#8221;default&#8221; global_colors_info=&#8221;{}&#8221;][\/et_pb_icon][et_pb_text _builder_version=&#8221;4.19.0&#8243; _module_preset=&#8221;default&#8221; global_colors_info=&#8221;{}&#8221;]<\/p>\n<p style=\"text-align: center\">Vi trycker med vattenbaserade och biologiskt nedbrytbara f\u00e4rger.<\/p>\n<p>[\/et_pb_text][\/et_pb_column][et_pb_column type=&#8221;1_4&#8243; _builder_version=&#8221;4.19.0&#8243; _module_preset=&#8221;default&#8221; global_colors_info=&#8221;{}&#8221;][et_pb_icon font_icon=&#8221;&#xf0eb;||fa||400&#8243; icon_color=&#8221;#007cc2&#8243; icon_width=&#8221;60px&#8221; _builder_version=&#8221;4.19.0&#8243; _module_preset=&#8221;default&#8221; global_colors_info=&#8221;{}&#8221;][\/et_pb_icon][et_pb_text _builder_version=&#8221;4.19.0&#8243; _module_preset=&#8221;default&#8221; global_colors_info=&#8221;{}&#8221;]<\/p>\n<p style=\"text-align: center\">Vi anv\u00e4nder 100% gr\u00f6n el i v\u00e5r fabrik<\/p>\n<p>[\/et_pb_text][\/et_pb_column][et_pb_column type=&#8221;1_4&#8243; _builder_version=&#8221;4.19.0&#8243; _module_preset=&#8221;default&#8221; global_colors_info=&#8221;{}&#8221;][et_pb_icon font_icon=&#8221;&#xf295;||fa||900&#8243; icon_color=&#8221;#007cc2&#8243; icon_width=&#8221;60px&#8221; _builder_version=&#8221;4.19.0&#8243; _module_preset=&#8221;default&#8221; global_colors_info=&#8221;{}&#8221;][\/et_pb_icon][et_pb_text _builder_version=&#8221;4.19.0&#8243; _module_preset=&#8221;default&#8221; global_colors_info=&#8221;{}&#8221;]<\/p>\n<p style=\"text-align: center\">V\u00e5ra p\u00e5sar \u00e4r 100% biologiskt nedbrytbara<\/p>\n<p>[\/et_pb_text][\/et_pb_column][\/et_pb_row][\/et_pb_section][et_pb_section fb_built=&#8221;1&#8243; _builder_version=&#8221;4.19.0&#8243; _module_preset=&#8221;default&#8221; background_color=&#8221;rgba(178,189,193,0.17)&#8221; background_enable_image=&#8221;off&#8221; width=&#8221;100%&#8221; custom_padding=&#8221;36px|||||&#8221; global_colors_info=&#8221;{}&#8221;][et_pb_row _builder_version=&#8221;4.19.0&#8243; _module_preset=&#8221;default&#8221; custom_padding=&#8221;0px|||||&#8221; global_colors_info=&#8221;{}&#8221;][et_pb_column type=&#8221;4_4&#8243; _builder_version=&#8221;4.19.0&#8243; _module_preset=&#8221;default&#8221; global_colors_info=&#8221;{}&#8221;][et_pb_divider color=&#8221;#4f4f4f&#8221; _builder_version=&#8221;4.19.0&#8243; _module_preset=&#8221;default&#8221; custom_margin=&#8221;||21px|||&#8221; global_colors_info=&#8221;{}&#8221;][\/et_pb_divider][et_pb_text _builder_version=&#8221;4.19.0&#8243; _module_preset=&#8221;default&#8221; global_colors_info=&#8221;{}&#8221;]<\/p>\n<h3><strong>V\u00c5RA PRODUKTER<\/strong><\/h3>\n<p>[\/et_pb_text][\/et_pb_column][\/et_pb_row][et_pb_row column_structure=&#8221;1_3,1_3,1_3&#8243; _builder_version=&#8221;4.19.0&#8243; _module_preset=&#8221;default&#8221; min_height=&#8221;162.6px&#8221; custom_margin=&#8221;-29px|auto||auto||&#8221; custom_padding=&#8221;4px||19px|||&#8221; global_colors_info=&#8221;{}&#8221;][et_pb_column type=&#8221;1_3&#8243; _builder_version=&#8221;4.19.0&#8243; _module_preset=&#8221;default&#8221; global_colors_info=&#8221;{}&#8221;][et_pb_image src=&#8221;http:\/\/www.jonsac.com\/wp-content\/uploads\/2022\/12\/764045_1.png&#8221; title_text=&#8221;764045_1&#8243; _builder_version=&#8221;4.19.0&#8243; _module_preset=&#8221;default&#8221; global_colors_info=&#8221;{}&#8221;][\/et_pb_image][et_pb_text _builder_version=&#8221;4.19.0&#8243; _module_preset=&#8221;default&#8221; global_colors_info=&#8221;{}&#8221;]<\/p>\n<h4 class=\"et_pb_module_header et-fb-editable-element et-fb-editable-element__editing\" data-shortcode-id=\"1.3.1.0-1669897307962\" data-quickaccess-id=\"header\">E-handelsp\u00e5sar i papper<\/h4>\n<p style=\"text-align: left;\">V\u00e5ra e-handelsp\u00e5sar av papper tillverkas av nordisk FSC\u00ae-certifierad tr\u00e4r\u00e5vara. Med endast 140 km mellan v\u00e5r fabrik och pappersmasse-fabriken \u00e4r vi dessutom troligtvis den mest n\u00e4rproducerade e-handelsp\u00e5sen p\u00e5 v\u00e4rldsmarknaden. V\u00e5ra p\u00e5sar tillverkas av l\u00e5ngsamt v\u00e4xande skog vilket ger ett slitstarkt papper med l\u00e4gre vikt.<\/p>\n<p>[\/et_pb_text][\/et_pb_column][et_pb_column type=&#8221;1_3&#8243; _builder_version=&#8221;4.19.0&#8243; _module_preset=&#8221;default&#8221; global_colors_info=&#8221;{}&#8221;][et_pb_image src=&#8221;http:\/\/www.jonsac.com\/wp-content\/uploads\/2022\/12\/976437.png&#8221; title_text=&#8221;976437&#8243; _builder_version=&#8221;4.19.0&#8243; _module_preset=&#8221;default&#8221; global_colors_info=&#8221;{}&#8221;][\/et_pb_image][et_pb_text _builder_version=&#8221;4.19.0&#8243; _module_preset=&#8221;default&#8221; global_colors_info=&#8221;{}&#8221;]<\/p>\n<h4 class=\"et_pb_module_header et-fb-editable-element et-fb-editable-element__editing\" data-shortcode-id=\"1.3.1.0-1669897307962\" data-quickaccess-id=\"header\">Flat e-com bag<\/h4>\n<p style=\"text-align: left;\"><span>Att vara platt \u00e4r inte att vara tr\u00e5kig. V\u00e5r Flat e-com bag \u00e4r e-handelsp\u00e5sen g\u00f6r det smidigt att skicka produkter med mindre volym. Tillverkad i Otterb\u00e4cken av nordisk FSC\u00ae-certifierad tr\u00e4fiberr\u00e5vara som ger l\u00e4tta men slitstarka p\u00e5sar.<\/span><\/p>\n<p>[\/et_pb_text][et_pb_button button_url=&#8221;https:\/\/www.jonsac.com\/flat-e-com-bag\/&#8221; url_new_window=&#8221;on&#8221; button_text=&#8221;Till Flat-bags&#8221; button_alignment=&#8221;right&#8221; _builder_version=&#8221;4.19.0&#8243; _module_preset=&#8221;default&#8221; custom_button=&#8221;on&#8221; button_text_size=&#8221;18px&#8221; button_text_color=&#8221;#4f4f4f&#8221; button_icon_color=&#8221;#f4f4f4&#8243; global_colors_info=&#8221;{}&#8221;][\/et_pb_button][\/et_pb_column][et_pb_column type=&#8221;1_3&#8243; _builder_version=&#8221;4.19.0&#8243; _module_preset=&#8221;default&#8221; global_colors_info=&#8221;{}&#8221;][et_pb_image src=&#8221;http:\/\/www.jonsac.com\/wp-content\/uploads\/2022\/12\/264370.png&#8221; title_text=&#8221;264370&#8243; _builder_version=&#8221;4.19.0&#8243; _module_preset=&#8221;default&#8221; global_colors_info=&#8221;{}&#8221;][\/et_pb_image][et_pb_text _builder_version=&#8221;4.19.0&#8243; _module_preset=&#8221;default&#8221; global_colors_info=&#8221;{}&#8221;]<\/p>\n<h4 class=\"et_pb_module_header et-fb-editable-element et-fb-editable-element__editing\" data-shortcode-id=\"1.3.2.0-1669897308014\" data-quickaccess-id=\"header\">Pinch e-com bag<\/h4>\n<p style=\"text-align: left;\"><span>Pinch e-com bag \u00e4r e-handelsp\u00e5sen f\u00f6r dig som har behov av att skicka produkter eller best\u00e4llningar av st\u00f6rre volym. Invikningarna i p\u00e5sens sidor g\u00f6r att p\u00e5sen anpassar sig till p\u00e5sens inneh\u00e5ll. Svensktillverkade, slitstarka, och smidiga FSC\u00ae-certifierade p\u00e5sar.<\/span><\/p>\n<p>[\/et_pb_text][et_pb_button button_url=&#8221;https:\/\/www.jonsac.com\/pinch-e-com-bag\/&#8221; url_new_window=&#8221;on&#8221; button_text=&#8221;Till Pinch-bags&#8221; button_alignment=&#8221;right&#8221; _builder_version=&#8221;4.19.0&#8243; _module_preset=&#8221;default&#8221; custom_button=&#8221;on&#8221; button_text_size=&#8221;18px&#8221; button_text_color=&#8221;#4f4f4f&#8221; global_colors_info=&#8221;{}&#8221;][\/et_pb_button][\/et_pb_column][\/et_pb_row][et_pb_row column_structure=&#8221;1_3,1_3,1_3&#8243; _builder_version=&#8221;4.19.0&#8243; _module_preset=&#8221;default&#8221; min_height=&#8221;162.6px&#8221; custom_padding=&#8221;||8px|||&#8221; global_colors_info=&#8221;{}&#8221;][et_pb_column type=&#8221;1_3&#8243; _builder_version=&#8221;4.19.0&#8243; _module_preset=&#8221;default&#8221; global_colors_info=&#8221;{}&#8221;][et_pb_image src=&#8221;http:\/\/www.jonsac.com\/wp-content\/uploads\/2022\/12\/oppna_sackar_puff_1.jpg&#8221; title_text=&#8221;oppna_sackar_puff_1&#8243; _builder_version=&#8221;4.19.0&#8243; _module_preset=&#8221;default&#8221; global_colors_info=&#8221;{}&#8221;][\/et_pb_image][\/et_pb_column][et_pb_column type=&#8221;1_3&#8243; _builder_version=&#8221;4.19.0&#8243; _module_preset=&#8221;default&#8221; global_colors_info=&#8221;{}&#8221;][\/et_pb_column][et_pb_column type=&#8221;1_3&#8243; _builder_version=&#8221;4.19.0&#8243; _module_preset=&#8221;default&#8221; global_colors_info=&#8221;{}&#8221;][\/et_pb_column][\/et_pb_row][et_pb_row column_structure=&#8221;1_3,1_3,1_3&#8243; _builder_version=&#8221;4.19.0&#8243; _module_preset=&#8221;default&#8221; min_height=&#8221;162.6px&#8221; custom_padding=&#8221;0px||8px|||&#8221; global_colors_info=&#8221;{}&#8221;][et_pb_column type=&#8221;1_3&#8243; _builder_version=&#8221;4.19.0&#8243; _module_preset=&#8221;default&#8221; global_colors_info=&#8221;{}&#8221;][et_pb_blurb title=&#8221;Papperss\u00e4ckar&#8221; image_icon_width=&#8221;100%&#8221; _builder_version=&#8221;4.19.0&#8243; _module_preset=&#8221;default&#8221; custom_margin=&#8221;5px||-1px|||&#8221; global_colors_info=&#8221;{}&#8221;]<\/p>\n<p><span>S\u00e4ckar av papper \u00e4r b\u00e5de t\u00e5liga och rymliga. V\u00e5ra sops\u00e4ckar av papper \u00e4r tillverkade av v\u00e5tstark 2-lagers kraftpapper. Med endast 25 km i avst\u00e5nd mellan\u00a0 pappersmassefabriken och v\u00e5r fabrik i Otterb\u00e4cken v\u00e5gar vi p\u00e5st\u00e5 att vi har marknadens mest n\u00e4rproducerade sops\u00e4ckar av papper<\/span><\/p>\n<p>&nbsp;<\/p>\n<p>[\/et_pb_blurb][et_pb_button button_url=&#8221;https:\/\/www.jonsac.com\/papperssackar\/&#8221; url_new_window=&#8221;on&#8221; button_text=&#8221;Till papperss\u00e4ckar&#8221; button_alignment=&#8221;right&#8221; _builder_version=&#8221;4.19.0&#8243; _module_preset=&#8221;default&#8221; custom_button=&#8221;on&#8221; button_text_size=&#8221;18px&#8221; button_text_color=&#8221;#4f4f4f&#8221; global_colors_info=&#8221;{}&#8221;][\/et_pb_button][\/et_pb_column][et_pb_column type=&#8221;1_3&#8243; _builder_version=&#8221;4.19.0&#8243; _module_preset=&#8221;default&#8221; global_colors_info=&#8221;{}&#8221;][\/et_pb_column][et_pb_column type=&#8221;1_3&#8243; _builder_version=&#8221;4.19.0&#8243; _module_preset=&#8221;default&#8221; global_colors_info=&#8221;{}&#8221;][\/et_pb_column][\/et_pb_row][\/et_pb_section][et_pb_section fb_built=&#8221;1&#8243; _builder_version=&#8221;4.19.0&#8243; _module_preset=&#8221;default&#8221; custom_margin=&#8221;-19px|||||&#8221; custom_padding=&#8221;15px||0px|||&#8221; global_colors_info=&#8221;{}&#8221;][et_pb_row _builder_version=&#8221;4.19.0&#8243; _module_preset=&#8221;default&#8221; custom_margin=&#8221;-27px|auto||auto||&#8221; custom_padding=&#8221;56px||0px|||&#8221; global_colors_info=&#8221;{}&#8221;][et_pb_column type=&#8221;4_4&#8243; _builder_version=&#8221;4.19.0&#8243; _module_preset=&#8221;default&#8221; global_colors_info=&#8221;{}&#8221;][et_pb_divider color=&#8221;#638f9b&#8221; divider_style=&#8221;double&#8221; divider_position=&#8221;center&#8221; _builder_version=&#8221;4.19.0&#8243; _module_preset=&#8221;default&#8221; custom_margin=&#8221;-31px|||||&#8221; global_colors_info=&#8221;{}&#8221;][\/et_pb_divider][et_pb_gallery gallery_ids=&#8221;1289,2204,1331,2228,1334,2231,1337,1340&#8243; fullwidth=&#8221;on&#8221; _builder_version=&#8221;4.19.0&#8243; _module_preset=&#8221;default&#8221; custom_margin=&#8221;-7px|||||&#8221; custom_padding=&#8221;10px|||||&#8221; global_colors_info=&#8221;{}&#8221;][\/et_pb_gallery][\/et_pb_column][\/et_pb_row][\/et_pb_section][et_pb_section fb_built=&#8221;1&#8243; _builder_version=&#8221;4.19.0&#8243; _module_preset=&#8221;default&#8221; global_colors_info=&#8221;{}&#8221;][et_pb_row _builder_version=&#8221;4.19.0&#8243; _module_preset=&#8221;default&#8221; global_colors_info=&#8221;{}&#8221;][et_pb_column type=&#8221;4_4&#8243; _builder_version=&#8221;4.19.0&#8243; _module_preset=&#8221;default&#8221; global_colors_info=&#8221;{}&#8221;][\/et_pb_column][\/et_pb_row][\/et_pb_section]<\/p>\n","protected":false},"excerpt":{"rendered":"<p>Svensk produktion E-handelsp\u00e5sar f\u00f6r framtiden Jonsac har mer \u00e4n 65 \u00e5rs erfarenhet av tillverkning av p\u00e5sar, s\u00e4ckar och emballage av papper. Erfarenhet som vi f\u00f6rvaltat och f\u00f6rfinat under \u00e5rens lopp f\u00f6r att bli den ledande akt\u00f6r vi idag \u00e4r p\u00e5 marknaden. I Otterb\u00e4cken vid V\u00e4nern, i v\u00e5r toppmoderna produktionsanl\u00e4ggning, tillverkar vi v\u00e4rldsledande s\u00e4ckar och e-handelsp\u00e5sar [&hellip;]<\/p>\n","protected":false},"author":2,"featured_media":0,"parent":0,"menu_order":0,"comment_status":"closed","ping_status":"closed","template":"","meta":{"_et_pb_use_builder":"on","_et_pb_old_content":"","_et_gb_content_width":"1413","_ti_tpc_template_sync":false,"_ti_tpc_template_id":"","footnotes":""},"class_list":["post-2672","page","type-page","status-publish","hentry"],"_links":{"self":[{"href":"https:\/\/www.jonsac.com\/se\/wp-json\/wp\/v2\/pages\/2672"}],"collection":[{"href":"https:\/\/www.jonsac.com\/se\/wp-json\/wp\/v2\/pages"}],"about":[{"href":"https:\/\/www.jonsac.com\/se\/wp-json\/wp\/v2\/types\/page"}],"author":[{"embeddable":true,"href":"https:\/\/www.jonsac.com\/se\/wp-json\/wp\/v2\/users\/2"}],"replies":[{"embeddable":true,"href":"https:\/\/www.jonsac.com\/se\/wp-json\/wp\/v2\/comments?post=2672"}],"version-history":[{"count":12,"href":"https:\/\/www.jonsac.com\/se\/wp-json\/wp\/v2\/pages\/2672\/revisions"}],"predecessor-version":[{"id":3630,"href":"https:\/\/www.jonsac.com\/se\/wp-json\/wp\/v2\/pages\/2672\/revisions\/3630"}],"wp:attachment":[{"href":"https:\/\/www.jonsac.com\/se\/wp-json\/wp\/v2\/media?parent=2672"}],"curies":[{"name":"wp","href":"https:\/\/api.w.org\/{rel}","templated":true}]}}