{"id":2687,"date":"2022-12-14T10:44:52","date_gmt":"2022-12-14T09:44:52","guid":{"rendered":"https:\/\/www.jonsac.com\/?page_id=2687"},"modified":"2022-12-30T07:53:15","modified_gmt":"2022-12-30T07:53:15","slug":"om-oss","status":"publish","type":"page","link":"https:\/\/www.jonsac.com\/se\/om-oss\/","title":{"rendered":"OM OSS"},"content":{"rendered":"<p>[et_pb_section fb_built=&#8221;1&#8243; fullwidth=&#8221;on&#8221; _builder_version=&#8221;4.19.0&#8243; _module_preset=&#8221;default&#8221; min_height=&#8221;62px&#8221; global_colors_info=&#8221;{}&#8221;][\/et_pb_section][et_pb_section fb_built=&#8221;1&#8243; _builder_version=&#8221;4.19.0&#8243; _module_preset=&#8221;default&#8221; background_color=&#8221;rgba(0,0,0,0.04)&#8221; background_image=&#8221;http:\/\/www.jonsac.com\/wp-content\/uploads\/2022\/11\/trad.jpg&#8221; custom_margin=&#8221;-65px|||||&#8221; custom_padding=&#8221;51px||0px|||&#8221; global_colors_info=&#8221;{}&#8221;][et_pb_row column_structure=&#8221;1_2,1_2&#8243; _builder_version=&#8221;4.19.0&#8243; _module_preset=&#8221;default&#8221; global_colors_info=&#8221;{}&#8221;][et_pb_column type=&#8221;1_2&#8243; _builder_version=&#8221;4.19.0&#8243; _module_preset=&#8221;default&#8221; global_colors_info=&#8221;{}&#8221;][et_pb_text _builder_version=&#8221;4.19.0&#8243; _module_preset=&#8221;default&#8221; text_font_size=&#8221;16px&#8221; custom_margin=&#8221;||-3px|||&#8221; custom_padding=&#8221;5px|||||&#8221; global_colors_info=&#8221;{}&#8221;]<\/p>\n<p><span style=\"font-size: xx-large;\"><strong>V\u00e5r historia<\/strong>\u00a0<\/span><\/p>\n<p>Jonsacs historia tar sin b\u00f6rjar 1957 d\u00e5 f\u00f6retaget grundas av ingenj\u00f6r John Follin-Johnson. Jonsac gick d\u00e5 under namnet Johnson Emballage och till en b\u00f6rjan tillverkades industripapperss\u00e4ckar. Allteftersom tiden gick v\u00e4xte f\u00f6retaget och utvecklade sin produktionslinje med tillverkning av sops\u00e4ckar, plasts\u00e4ckar och pappersp\u00e5sar. Mycket har h\u00e4nt och m\u00e5nga \u00e5r har g\u00e5tt sedan starten 1957. Under alla dessa \u00e5r har Jonsac varit en stark akt\u00f6r p\u00e5 marknaden. N\u00e5got vi b\u00e5de \u00e4r stolta \u00f6ver och vill f\u00f6rvalta v\u00e4l.<\/p>\n<p>I dag \u00e4r vi v\u00e4rldsledande inom tillverkning av e-handelsp\u00e5sar av papper, tillverkade av nordisk FSC\u00ae-certifierad tr\u00e4r\u00e5vara. Med korta avst\u00e5nd mellan pappersmassafabriker och v\u00e5r tillverkning i en toppmodern maskinpark i Otterb\u00e4cken vid vackra V\u00e4nern, erbjuder vi marknadens mest n\u00e4rproducerade produkter. Produkter som \u00e4r redo att m\u00f6ta framtiden.<\/p>\n<p>[\/et_pb_text][\/et_pb_column][et_pb_column type=&#8221;1_2&#8243; _builder_version=&#8221;4.19.0&#8243; _module_preset=&#8221;default&#8221; global_colors_info=&#8221;{}&#8221;][et_pb_image src=&#8221;http:\/\/www.jonsac.com\/wp-content\/uploads\/2022\/12\/jb4-scaled.jpg&#8221; title_text=&#8221;jb4&#8243; _builder_version=&#8221;4.19.0&#8243; _module_preset=&#8221;default&#8221; global_colors_info=&#8221;{}&#8221;][\/et_pb_image][\/et_pb_column][\/et_pb_row][et_pb_row _builder_version=&#8221;4.19.0&#8243; _module_preset=&#8221;default&#8221; custom_padding=&#8221;115px||4px|||&#8221; global_colors_info=&#8221;{}&#8221;][et_pb_column type=&#8221;4_4&#8243; _builder_version=&#8221;4.19.0&#8243; _module_preset=&#8221;default&#8221; global_colors_info=&#8221;{}&#8221;][et_pb_divider color=&#8221;#4f4f4f&#8221; _builder_version=&#8221;4.19.0&#8243; _module_preset=&#8221;default&#8221; custom_margin=&#8221;1px||-75px|||&#8221; custom_padding=&#8221;3px||0px|||&#8221; global_colors_info=&#8221;{}&#8221;][\/et_pb_divider][\/et_pb_column][\/et_pb_row][\/et_pb_section][et_pb_section fb_built=&#8221;1&#8243; _builder_version=&#8221;4.19.0&#8243; background_color=&#8221;rgba(194,227,232,0.45)&#8221; custom_padding=&#8221;0px|||||&#8221; global_colors_info=&#8221;{}&#8221;][et_pb_row _builder_version=&#8221;4.19.0&#8243; _module_preset=&#8221;default&#8221; custom_padding=&#8221;38px|||||&#8221; global_colors_info=&#8221;{}&#8221;][et_pb_column type=&#8221;4_4&#8243; _builder_version=&#8221;4.19.0&#8243; _module_preset=&#8221;default&#8221; global_colors_info=&#8221;{}&#8221;][et_pb_blurb title=&#8221;Whistleblowing&#8221; use_icon=&#8221;on&#8221; font_icon=&#8221;&#x72;||divi||400&#8243; icon_color=&#8221;#007cc2&#8243; _builder_version=&#8221;4.19.0&#8243; _module_preset=&#8221;default&#8221; header_font=&#8221;|||on|||||&#8221; header_text_align=&#8221;center&#8221; header_font_size=&#8221;22px&#8221; custom_padding=&#8221;0px|||||&#8221; global_colors_info=&#8221;{}&#8221;]<\/p>\n<p style=\"text-align: left\">Misst\u00e4nker du att en eller flera personer p\u00e5 Jonsac har gjort sig skyldiga till allvarliga oegentligheter?<\/p>\n<p style=\"text-align: left\">I s\u00e5dana fall kan du rapportera det anonymt hos frist\u00e5ende akt\u00f6r.<\/p>\n<p><a href=\"https:\/\/whistleblowersoftware.com\/secure\/jonsac\" rel=\"noopener\" target=\"_blank\"><strong>L\u00e4s mer och anm\u00e4l h\u00e4r<\/strong><\/a><\/p>\n<p>[\/et_pb_blurb][\/et_pb_column][\/et_pb_row][\/et_pb_section]<\/p>\n","protected":false},"excerpt":{"rendered":"<p>V\u00e5r historia\u00a0 Jonsacs historia tar sin b\u00f6rjar 1957 d\u00e5 f\u00f6retaget grundas av ingenj\u00f6r John Follin-Johnson. Jonsac gick d\u00e5 under namnet Johnson Emballage och till en b\u00f6rjan tillverkades industripapperss\u00e4ckar. Allteftersom tiden gick v\u00e4xte f\u00f6retaget och utvecklade sin produktionslinje med tillverkning av sops\u00e4ckar, plasts\u00e4ckar och pappersp\u00e5sar. Mycket har h\u00e4nt och m\u00e5nga \u00e5r har g\u00e5tt sedan starten 1957. [&hellip;]<\/p>\n","protected":false},"author":2,"featured_media":0,"parent":0,"menu_order":0,"comment_status":"closed","ping_status":"closed","template":"","meta":{"_et_pb_use_builder":"on","_et_pb_old_content":"","_et_gb_content_width":"","_ti_tpc_template_sync":false,"_ti_tpc_template_id":"","footnotes":""},"class_list":["post-2687","page","type-page","status-publish","hentry"],"_links":{"self":[{"href":"https:\/\/www.jonsac.com\/se\/wp-json\/wp\/v2\/pages\/2687"}],"collection":[{"href":"https:\/\/www.jonsac.com\/se\/wp-json\/wp\/v2\/pages"}],"about":[{"href":"https:\/\/www.jonsac.com\/se\/wp-json\/wp\/v2\/types\/page"}],"author":[{"embeddable":true,"href":"https:\/\/www.jonsac.com\/se\/wp-json\/wp\/v2\/users\/2"}],"replies":[{"embeddable":true,"href":"https:\/\/www.jonsac.com\/se\/wp-json\/wp\/v2\/comments?post=2687"}],"version-history":[{"count":2,"href":"https:\/\/www.jonsac.com\/se\/wp-json\/wp\/v2\/pages\/2687\/revisions"}],"predecessor-version":[{"id":3416,"href":"https:\/\/www.jonsac.com\/se\/wp-json\/wp\/v2\/pages\/2687\/revisions\/3416"}],"wp:attachment":[{"href":"https:\/\/www.jonsac.com\/se\/wp-json\/wp\/v2\/media?parent=2687"}],"curies":[{"name":"wp","href":"https:\/\/api.w.org\/{rel}","templated":true}]}}