{"id":3233,"date":"2022-12-16T12:23:23","date_gmt":"2022-12-16T11:23:23","guid":{"rendered":"https:\/\/www.jonsac.com\/?page_id=3233"},"modified":"2022-12-30T07:51:48","modified_gmt":"2022-12-30T07:51:48","slug":"ventilsackar","status":"publish","type":"page","link":"https:\/\/www.jonsac.com\/se\/ventilsackar\/","title":{"rendered":"VENTILS\u00c4CKAR"},"content":{"rendered":"<p>[et_pb_section fb_built=&#8221;1&#8243; _builder_version=&#8221;4.19.0&#8243; _module_preset=&#8221;default&#8221; background_image=&#8221;http:\/\/www.jonsac.com\/wp-content\/uploads\/2022\/12\/Ventilsackar_puff_2.jpg&#8221; custom_padding=&#8221;30px||0px|||&#8221; global_colors_info=&#8221;{}&#8221;][et_pb_row column_structure=&#8221;1_2,1_2&#8243; _builder_version=&#8221;4.19.0&#8243; _module_preset=&#8221;default&#8221; custom_padding=&#8221;0px||0px|||&#8221; global_colors_info=&#8221;{}&#8221;][et_pb_column type=&#8221;1_2&#8243; _builder_version=&#8221;4.19.0&#8243; _module_preset=&#8221;default&#8221; global_colors_info=&#8221;{}&#8221;][et_pb_text _builder_version=&#8221;4.19.0&#8243; _module_preset=&#8221;default&#8221; text_text_color=&#8221;#4f4f4f&#8221; text_font_size=&#8221;16px&#8221; background_color=&#8221;rgba(255,255,255,0.46)&#8221; custom_padding=&#8221;||0px|||&#8221; animation_style=&#8221;flip&#8221; global_colors_info=&#8221;{}&#8221;]<\/p>\n<h4><\/h4>\n<h4><\/h4>\n<h4><\/h4>\n<h4 style=\"padding-left: 40px;\"><strong>VENTILS\u00c4CKAR<\/strong><\/h4>\n<p style=\"padding-left: 40px;\"><strong>V\u00e5ra ventils\u00e4ckar \u00e4r sj\u00e4lvstadgande s\u00e4ckar som sluter automatiskt efter p\u00e5fyllning.\u00a0Jonsacs ventils\u00e4ckar har tv\u00e5 bottnar. I s\u00e4ckens h\u00f6rn\u00f6ppning (ventilen) kan fylls den med material. N\u00e4r s\u00e4cken \u00e4r full sluts s\u00e4cken av innertrycket.<\/strong><\/p>\n<p><span style=\"color: #ffffff;\"><strong>\u00a0<\/strong><\/span><\/p>\n<p>[\/et_pb_text][\/et_pb_column][et_pb_column type=&#8221;1_2&#8243; _builder_version=&#8221;4.19.0&#8243; _module_preset=&#8221;default&#8221; global_colors_info=&#8221;{}&#8221;][\/et_pb_column][\/et_pb_row][et_pb_row _builder_version=&#8221;4.19.0&#8243; _module_preset=&#8221;default&#8221; custom_padding=&#8221;0px|||||&#8221; global_colors_info=&#8221;{}&#8221;][et_pb_column type=&#8221;4_4&#8243; _builder_version=&#8221;4.19.0&#8243; _module_preset=&#8221;default&#8221; global_colors_info=&#8221;{}&#8221;][\/et_pb_column][\/et_pb_row][\/et_pb_section][et_pb_section fb_built=&#8221;1&#8243; _builder_version=&#8221;4.19.0&#8243; _module_preset=&#8221;default&#8221; background_color=&#8221;#ffffff&#8221; background_enable_image=&#8221;off&#8221; width=&#8221;100%&#8221; custom_padding=&#8221;36px|||||&#8221; global_colors_info=&#8221;{}&#8221;][et_pb_row _builder_version=&#8221;4.19.0&#8243; _module_preset=&#8221;default&#8221; custom_padding=&#8221;0px|||||&#8221; global_colors_info=&#8221;{}&#8221;][et_pb_column type=&#8221;4_4&#8243; _builder_version=&#8221;4.19.0&#8243; _module_preset=&#8221;default&#8221; global_colors_info=&#8221;{}&#8221;][et_pb_divider color=&#8221;#4f4f4f&#8221; _builder_version=&#8221;4.19.0&#8243; _module_preset=&#8221;default&#8221; custom_margin=&#8221;||21px|||&#8221; global_colors_info=&#8221;{}&#8221;][\/et_pb_divider][et_pb_text _builder_version=&#8221;4.19.0&#8243; _module_preset=&#8221;default&#8221; text_font_size=&#8221;16px&#8221; custom_padding=&#8221;||0px|||&#8221; global_colors_info=&#8221;{}&#8221;]<\/p>\n<p><span style=\"font-size: x-large\"><strong>ANV\u00c4NDNINGSOMR\u00c5DEN<\/strong><strong> <\/strong><\/span><\/p>\n<p>Ventils\u00e4cken anv\u00e4nds bland annat till produkter som byggmaterial, kemiska produkter, mineralprodukter och sammans\u00e4ttningar, livsmedel, djurmat, uts\u00e4de och tr\u00e4dg\u00e5rdsprodukter.<br \/>Med ventils\u00e4ckar g\u00e5r packningen snabbare och helt kan automatiseras. Den s<span>t\u00e4ngs automatiskt efter fyllning och \u00e4r enkel att l<\/span><span>\u00e4gga p\u00e5 pall d\u00e5 den blir fyrkantig. <\/span>S\u00e4ckarna kan f\u00f6rses med yttre och inre ventiler.<\/p>\n<p><strong>Inre ventiler<\/strong><br \/>Planventiler \u00e4r enkla och v\u00e4l anpassade f\u00f6r material med h\u00f6g densitet som t.ex. cement. De kan f\u00f6rses med en ventilf\u00f6rst\u00e4rkning, s\u00e5 att de inte g\u00e5r s\u00f6nder vid fyllning.<\/p>\n<p>R\u00f6rventiler \u00e4r t\u00e4tare f\u00f6r fuktiga material. F\u00f6r sv\u00e5ra produkter kan de best\u00e5 av 1 till 4 komponenter i olika materialkombinationer. F\u00f6r att optimera s\u00e4ckens t\u00e4thet, kan den \u00e4ven f\u00f6rses med automatisk f\u00f6rslutningssnara eller svetsfog.<\/p>\n<p><strong>Externa ventiler<\/strong><br \/>Externa ventiler kr\u00e4ver manuell hantering. De ger b\u00e4st t\u00e4thet eftersom den del som \u00f6verlappar ventilen ger en exakt och t\u00e4t f\u00f6rslutning.<\/p>\n<p><strong><\/strong><\/p>\n<p>&nbsp;<\/p>\n<p>[\/et_pb_text][\/et_pb_column][\/et_pb_row][et_pb_row column_structure=&#8221;1_2,1_2&#8243; _builder_version=&#8221;4.19.0&#8243; _module_preset=&#8221;default&#8221; min_height=&#8221;162.6px&#8221; custom_margin=&#8221;-29px|auto||auto||&#8221; custom_padding=&#8221;4px||19px|||&#8221; global_colors_info=&#8221;{}&#8221;][et_pb_column type=&#8221;1_2&#8243; _builder_version=&#8221;4.19.0&#8243; _module_preset=&#8221;default&#8221; global_colors_info=&#8221;{}&#8221;][et_pb_image src=&#8221;http:\/\/www.jonsac.com\/wp-content\/uploads\/2022\/12\/Ventilsackar_puff_1.jpg&#8221; title_text=&#8221;Ventilsackar_puff_1&#8243; _builder_version=&#8221;4.19.0&#8243; _module_preset=&#8221;default&#8221; animation_style=&#8221;fade&#8221; global_colors_info=&#8221;{}&#8221;][\/et_pb_image][\/et_pb_column][et_pb_column type=&#8221;1_2&#8243; _builder_version=&#8221;4.19.0&#8243; _module_preset=&#8221;default&#8221; global_colors_info=&#8221;{}&#8221;][et_pb_image src=&#8221;http:\/\/www.jonsac.com\/wp-content\/uploads\/2022\/12\/Ventilsackar_puff_2.jpg&#8221; title_text=&#8221;Ventilsackar_puff_2&#8243; _builder_version=&#8221;4.19.0&#8243; _module_preset=&#8221;default&#8221; animation_style=&#8221;fade&#8221; global_colors_info=&#8221;{}&#8221;][\/et_pb_image][\/et_pb_column][\/et_pb_row][\/et_pb_section][et_pb_section fb_built=&#8221;1&#8243; _builder_version=&#8221;4.19.0&#8243; _module_preset=&#8221;default&#8221; background_color=&#8221;#FFFFFF&#8221; background_image=&#8221;http:\/\/www.jonsac.com\/wp-content\/uploads\/2022\/11\/trad.jpg&#8221; width=&#8221;100%&#8221; custom_margin=&#8221;-29px|||||&#8221; custom_padding=&#8221;59px||95px|||&#8221; global_colors_info=&#8221;{}&#8221;][et_pb_row _builder_version=&#8221;4.19.0&#8243; _module_preset=&#8221;default&#8221; custom_margin=&#8221;|auto|-25px|auto||&#8221; custom_padding=&#8221;0px|||||&#8221; global_colors_info=&#8221;{}&#8221;][et_pb_column type=&#8221;4_4&#8243; _builder_version=&#8221;4.19.0&#8243; _module_preset=&#8221;default&#8221; border_style_all=&#8221;none&#8221; border_width_top=&#8221;1px&#8221; border_color_top=&#8221;#accee2&#8243; global_colors_info=&#8221;{}&#8221;][et_pb_text _builder_version=&#8221;4.19.0&#8243; _module_preset=&#8221;default&#8221; custom_padding=&#8221;0px||27px|||&#8221; global_colors_info=&#8221;{}&#8221;]<\/p>\n<h4><strong>PAPPERSPRODUKTER F\u00d6R FRAMTIDEN<\/strong><\/h4>\n<p>[\/et_pb_text][\/et_pb_column][\/et_pb_row][et_pb_row column_structure=&#8221;1_4,1_4,1_4,1_4&#8243; _builder_version=&#8221;4.19.0&#8243; _module_preset=&#8221;default&#8221; custom_margin=&#8221;|auto|-25px|auto||&#8221; custom_padding=&#8221;0px|||||&#8221; global_colors_info=&#8221;{}&#8221;][et_pb_column type=&#8221;1_4&#8243; _builder_version=&#8221;4.19.0&#8243; _module_preset=&#8221;default&#8221; border_style_all=&#8221;none&#8221; border_width_top=&#8221;1px&#8221; border_color_top=&#8221;#accee2&#8243; global_colors_info=&#8221;{}&#8221;][et_pb_icon font_icon=&#8221;&#xf1bb;||fa||900&#8243; icon_color=&#8221;#007cc2&#8243; icon_width=&#8221;60px&#8221; _builder_version=&#8221;4.19.0&#8243; _module_preset=&#8221;default&#8221; global_colors_info=&#8221;{}&#8221;][\/et_pb_icon][et_pb_text _builder_version=&#8221;4.19.0&#8243; _module_preset=&#8221;default&#8221; custom_padding=&#8221;||27px|||&#8221; hover_enabled=&#8221;0&#8243; global_colors_info=&#8221;{}&#8221; sticky_enabled=&#8221;0&#8243;]<\/p>\n<p style=\"text-align: center;\">FSC\u00ae-certifierad tr\u00e4r\u00e5vara<\/p>\n<p>[\/et_pb_text][\/et_pb_column][et_pb_column type=&#8221;1_4&#8243; _builder_version=&#8221;4.19.0&#8243; _module_preset=&#8221;default&#8221; global_colors_info=&#8221;{}&#8221;][et_pb_icon font_icon=&#8221;&#xe013;||divi||400&#8243; icon_color=&#8221;#007cc2&#8243; icon_width=&#8221;60px&#8221; _builder_version=&#8221;4.19.0&#8243; _module_preset=&#8221;default&#8221; global_colors_info=&#8221;{}&#8221;][\/et_pb_icon][et_pb_text _builder_version=&#8221;4.19.0&#8243; _module_preset=&#8221;default&#8221; global_colors_info=&#8221;{}&#8221;]<\/p>\n<p style=\"text-align: center\">Fibrer fr\u00e5n l\u00e5ngsamt v\u00e4xande skog ger ett tunt men starkt material\u00a0<\/p>\n<p>[\/et_pb_text][\/et_pb_column][et_pb_column type=&#8221;1_4&#8243; _builder_version=&#8221;4.19.0&#8243; _module_preset=&#8221;default&#8221; global_colors_info=&#8221;{}&#8221;][et_pb_icon font_icon=&#8221;&#xf06c;||fa||900&#8243; icon_color=&#8221;#007cc2&#8243; icon_width=&#8221;60px&#8221; _builder_version=&#8221;4.19.0&#8243; _module_preset=&#8221;default&#8221; global_colors_info=&#8221;{}&#8221;][\/et_pb_icon][et_pb_text _builder_version=&#8221;4.19.0&#8243; _module_preset=&#8221;default&#8221; global_colors_info=&#8221;{}&#8221;]<\/p>\n<p style=\"text-align: center\">Skogen absorberar CO2 n\u00e4r den v\u00e4xer vilket s\u00e4nker koldioxidavtrycket. F\u00f6r varje f\u00e4llt tr\u00e4d planteras tre nya<\/p>\n<p>[\/et_pb_text][\/et_pb_column][et_pb_column type=&#8221;1_4&#8243; _builder_version=&#8221;4.19.0&#8243; _module_preset=&#8221;default&#8221; global_colors_info=&#8221;{}&#8221;][et_pb_icon font_icon=&#8221;&#xf275;||fa||900&#8243; icon_color=&#8221;#007cc2&#8243; icon_width=&#8221;60px&#8221; _builder_version=&#8221;4.19.0&#8243; _module_preset=&#8221;default&#8221; global_colors_info=&#8221;{}&#8221;][\/et_pb_icon][et_pb_text _builder_version=&#8221;4.19.0&#8243; _module_preset=&#8221;default&#8221; global_colors_info=&#8221;{}&#8221;]<\/p>\n<p style=\"text-align: center\">V\u00e5r fabrik \u00e4r lokaliserad mitt i Sverige vilket ger bra r\u00e4ckvidd<\/p>\n<p>[\/et_pb_text][\/et_pb_column][\/et_pb_row][et_pb_row column_structure=&#8221;1_4,1_4,1_4,1_4&#8243; _builder_version=&#8221;4.19.0&#8243; _module_preset=&#8221;default&#8221; min_height=&#8221;162.6px&#8221; custom_padding=&#8221;||13px|||&#8221; global_colors_info=&#8221;{}&#8221;][et_pb_column type=&#8221;1_4&#8243; _builder_version=&#8221;4.19.0&#8243; _module_preset=&#8221;default&#8221; global_colors_info=&#8221;{}&#8221;][et_pb_icon font_icon=&#8221;&#xe01f;||divi||400&#8243; icon_color=&#8221;#007cc2&#8243; icon_width=&#8221;60px&#8221; _builder_version=&#8221;4.19.0&#8243; _module_preset=&#8221;default&#8221; global_colors_info=&#8221;{}&#8221;][\/et_pb_icon][et_pb_text _builder_version=&#8221;4.19.0&#8243; _module_preset=&#8221;default&#8221; global_colors_info=&#8221;{}&#8221;]<\/p>\n<p style=\"text-align: center\">Korta avst\u00e5nd mellan v\u00e5r fabrik och\u00a0 pappersmassa-fabrik ger l\u00e4gre CO2-utsl\u00e4pp<\/p>\n<p>[\/et_pb_text][\/et_pb_column][et_pb_column type=&#8221;1_4&#8243; _builder_version=&#8221;4.19.0&#8243; _module_preset=&#8221;default&#8221; global_colors_info=&#8221;{}&#8221;][et_pb_icon font_icon=&#8221;&#xf576;||fa||900&#8243; icon_color=&#8221;#007cc2&#8243; icon_width=&#8221;60px&#8221; _builder_version=&#8221;4.19.0&#8243; _module_preset=&#8221;default&#8221; global_colors_info=&#8221;{}&#8221;][\/et_pb_icon][et_pb_text _builder_version=&#8221;4.19.0&#8243; _module_preset=&#8221;default&#8221; global_colors_info=&#8221;{}&#8221;]<\/p>\n<p style=\"text-align: center\">Vi trycker med vattenbaserade och biologiskt nedbrytbara f\u00e4rger.<\/p>\n<p>[\/et_pb_text][\/et_pb_column][et_pb_column type=&#8221;1_4&#8243; _builder_version=&#8221;4.19.0&#8243; _module_preset=&#8221;default&#8221; global_colors_info=&#8221;{}&#8221;][et_pb_icon font_icon=&#8221;&#xf0eb;||fa||400&#8243; icon_color=&#8221;#007cc2&#8243; icon_width=&#8221;60px&#8221; _builder_version=&#8221;4.19.0&#8243; _module_preset=&#8221;default&#8221; global_colors_info=&#8221;{}&#8221;][\/et_pb_icon][et_pb_text _builder_version=&#8221;4.19.0&#8243; _module_preset=&#8221;default&#8221; global_colors_info=&#8221;{}&#8221;]<\/p>\n<p style=\"text-align: center\">Vi anv\u00e4nder 100% gr\u00f6n el i v\u00e5r fabrik<\/p>\n<p>[\/et_pb_text][\/et_pb_column][et_pb_column type=&#8221;1_4&#8243; _builder_version=&#8221;4.19.0&#8243; _module_preset=&#8221;default&#8221; global_colors_info=&#8221;{}&#8221;][et_pb_icon font_icon=&#8221;&#xf295;||fa||900&#8243; icon_color=&#8221;#007cc2&#8243; icon_width=&#8221;60px&#8221; _builder_version=&#8221;4.19.0&#8243; _module_preset=&#8221;default&#8221; global_colors_info=&#8221;{}&#8221;][\/et_pb_icon][et_pb_text _builder_version=&#8221;4.19.0&#8243; _module_preset=&#8221;default&#8221; global_colors_info=&#8221;{}&#8221;]<\/p>\n<p style=\"text-align: center\">V\u00e5ra p\u00e5sar \u00e4r 100% biologiskt nedbrytbara<\/p>\n<p>[\/et_pb_text][\/et_pb_column][\/et_pb_row][\/et_pb_section][et_pb_section fb_built=&#8221;1&#8243; _builder_version=&#8221;4.19.0&#8243; _module_preset=&#8221;default&#8221; custom_margin=&#8221;-19px|||||&#8221; custom_padding=&#8221;15px||0px|||&#8221; global_colors_info=&#8221;{}&#8221;][et_pb_row _builder_version=&#8221;4.19.0&#8243; _module_preset=&#8221;default&#8221; custom_margin=&#8221;27px|auto|-36px|auto||&#8221; custom_padding=&#8221;0px||0px|||&#8221; global_colors_info=&#8221;{}&#8221;][et_pb_column type=&#8221;4_4&#8243; _builder_version=&#8221;4.19.0&#8243; _module_preset=&#8221;default&#8221; global_colors_info=&#8221;{}&#8221;][et_pb_divider color=&#8221;#638f9b&#8221; divider_style=&#8221;double&#8221; divider_position=&#8221;center&#8221; _builder_version=&#8221;4.19.0&#8243; _module_preset=&#8221;default&#8221; custom_margin=&#8221;-31px|||||&#8221; global_colors_info=&#8221;{}&#8221;][\/et_pb_divider][\/et_pb_column][\/et_pb_row][\/et_pb_section][et_pb_section fb_built=&#8221;1&#8243; _builder_version=&#8221;4.19.0&#8243; _module_preset=&#8221;default&#8221; background_enable_image=&#8221;off&#8221; custom_padding=&#8221;38px|||||&#8221; global_colors_info=&#8221;{}&#8221;][et_pb_row _builder_version=&#8221;4.19.0&#8243; _module_preset=&#8221;default&#8221; min_height=&#8221;207.7px&#8221; custom_padding=&#8221;1px|||||&#8221; global_colors_info=&#8221;{}&#8221;][et_pb_column type=&#8221;4_4&#8243; _builder_version=&#8221;4.19.0&#8243; _module_preset=&#8221;default&#8221; global_colors_info=&#8221;{}&#8221;][et_pb_text _builder_version=&#8221;4.19.0&#8243; _module_preset=&#8221;default&#8221; custom_margin=&#8221;-4px|||||&#8221; custom_padding=&#8221;0px|||||&#8221; global_colors_info=&#8221;{}&#8221;]<\/p>\n<p><span style=\"color: #4f4f4f\"><strong><span style=\"font-size: x-large\">\u00c4R DU INTRESSERAD AV ATT VETA MER ELLER HAR DU FR\u00c5GOR ELLER FUNDERINGAR?\u00a0<\/span><\/strong><\/span><\/p>\n<p><strong><span style=\"color: #4f4f4f;font-size: large\">V\u00e4lkommen att kontakta oss!<\/span><\/strong><\/p>\n<h4 class=\"et_pb_module_header\"><span style=\"color: #4f4f4f\"><br \/>Telefon: +46 (0)551-36550<\/span><\/h4>\n<h4 class=\"et_pb_module_header\"><span style=\"color: #4f4f4f\">E-mail: info@jonsac.se<\/span><\/h4>\n<p>[\/et_pb_text][\/et_pb_column][\/et_pb_row][\/et_pb_section]<\/p>\n","protected":false},"excerpt":{"rendered":"<p>VENTILS\u00c4CKAR V\u00e5ra ventils\u00e4ckar \u00e4r sj\u00e4lvstadgande s\u00e4ckar som sluter automatiskt efter p\u00e5fyllning.\u00a0Jonsacs ventils\u00e4ckar har tv\u00e5 bottnar. I s\u00e4ckens h\u00f6rn\u00f6ppning (ventilen) kan fylls den med material. N\u00e4r s\u00e4cken \u00e4r full sluts s\u00e4cken av innertrycket. \u00a0ANV\u00c4NDNINGSOMR\u00c5DEN Ventils\u00e4cken anv\u00e4nds bland annat till produkter som byggmaterial, kemiska produkter, mineralprodukter och sammans\u00e4ttningar, livsmedel, djurmat, uts\u00e4de och tr\u00e4dg\u00e5rdsprodukter.Med ventils\u00e4ckar g\u00e5r packningen snabbare [&hellip;]<\/p>\n","protected":false},"author":2,"featured_media":0,"parent":0,"menu_order":0,"comment_status":"closed","ping_status":"closed","template":"","meta":{"_et_pb_use_builder":"on","_et_pb_old_content":"","_et_gb_content_width":"","_ti_tpc_template_sync":false,"_ti_tpc_template_id":"","footnotes":""},"class_list":["post-3233","page","type-page","status-publish","hentry"],"_links":{"self":[{"href":"https:\/\/www.jonsac.com\/se\/wp-json\/wp\/v2\/pages\/3233"}],"collection":[{"href":"https:\/\/www.jonsac.com\/se\/wp-json\/wp\/v2\/pages"}],"about":[{"href":"https:\/\/www.jonsac.com\/se\/wp-json\/wp\/v2\/types\/page"}],"author":[{"embeddable":true,"href":"https:\/\/www.jonsac.com\/se\/wp-json\/wp\/v2\/users\/2"}],"replies":[{"embeddable":true,"href":"https:\/\/www.jonsac.com\/se\/wp-json\/wp\/v2\/comments?post=3233"}],"version-history":[{"count":3,"href":"https:\/\/www.jonsac.com\/se\/wp-json\/wp\/v2\/pages\/3233\/revisions"}],"predecessor-version":[{"id":3410,"href":"https:\/\/www.jonsac.com\/se\/wp-json\/wp\/v2\/pages\/3233\/revisions\/3410"}],"wp:attachment":[{"href":"https:\/\/www.jonsac.com\/se\/wp-json\/wp\/v2\/media?parent=3233"}],"curies":[{"name":"wp","href":"https:\/\/api.w.org\/{rel}","templated":true}]}}