{"id":3479,"date":"2023-04-24T10:08:24","date_gmt":"2023-04-24T10:08:24","guid":{"rendered":"https:\/\/www.jonsac.com\/se\/?page_id=3479"},"modified":"2024-09-03T08:41:40","modified_gmt":"2024-09-03T08:41:40","slug":"lediga-tjanster","status":"publish","type":"page","link":"https:\/\/www.jonsac.com\/se\/lediga-tjanster\/","title":{"rendered":"LEDIGA TJ\u00c4NSTER"},"content":{"rendered":"<p>[et_pb_section fb_built=&#8221;1&#8243; _builder_version=&#8221;4.19.0&#8243; _module_preset=&#8221;default&#8221; background_image=&#8221;http:\/\/www.jonsac.com\/se\/wp-content\/uploads\/sites\/8\/2022\/12\/trad.jpg&#8221; custom_padding=&#8221;||166px|||&#8221; global_colors_info=&#8221;{}&#8221;][et_pb_row disabled_on=&#8221;off|off|off&#8221; _builder_version=&#8221;4.19.0&#8243; _module_preset=&#8221;default&#8221; global_colors_info=&#8221;{}&#8221;][et_pb_column type=&#8221;4_4&#8243; _builder_version=&#8221;4.19.0&#8243; _module_preset=&#8221;default&#8221; global_colors_info=&#8221;{}&#8221;][et_pb_text _builder_version=&#8221;4.19.0&#8243; _module_preset=&#8221;default&#8221; global_colors_info=&#8221;{}&#8221;]<\/p>\n<h1 class=\"wp-block-gds-entry-content__header-title size-xl\">Just nu har vi inga lediga tj\u00e4nster<\/h1>\n<p>[\/et_pb_text][et_pb_divider divider_weight=&#8221;8px&#8221; _builder_version=&#8221;4.19.0&#8243; _module_preset=&#8221;default&#8221; custom_margin=&#8221;||-221px|||&#8221; global_colors_info=&#8221;{}&#8221;][\/et_pb_divider][et_pb_text _builder_version=&#8221;4.19.0&#8243; _module_preset=&#8221;default&#8221; custom_padding=&#8221;322px|||||&#8221; global_colors_info=&#8221;{}&#8221; custom_margin=&#8221;||-1px|||&#8221;][\/et_pb_text][\/et_pb_column][\/et_pb_row][et_pb_row disabled_on=&#8221;on|on|on&#8221; _builder_version=&#8221;4.19.0&#8243; _module_preset=&#8221;default&#8221; disabled=&#8221;on&#8221; global_colors_info=&#8221;{}&#8221;][et_pb_column type=&#8221;4_4&#8243; _builder_version=&#8221;4.19.0&#8243; _module_preset=&#8221;default&#8221; global_colors_info=&#8221;{}&#8221;][et_pb_text _builder_version=&#8221;4.19.0&#8243; _module_preset=&#8221;default&#8221; global_colors_info=&#8221;{}&#8221;]<\/p>\n<h1 class=\"wp-block-gds-entry-content__header-title size-xl\">Sales support till Jonsac och Norbag<\/h1>\n<p>[\/et_pb_text][et_pb_text _builder_version=&#8221;4.19.0&#8243; _module_preset=&#8221;default&#8221; global_colors_info=&#8221;{}&#8221;]<\/p>\n<p><span>Nu s\u00f6ker vi en sales support till Jonsac och Norbag som \u00e4r en del av Tingstad Group. Brinner du f\u00f6r f\u00f6rs\u00e4ljning och vill vara en del av v\u00e5r sp\u00e4nnande tillv\u00e4xtresa? Ta chansen och ans\u00f6k idag!<\/span><\/p>\n<p><b>OM OSS<\/b><br \/>I T\u00f6cksfors, bel\u00e4get i v\u00e4stra V\u00e4rmland, grundades Norbag. H\u00e4r och i Bengtsfors bygger vi idag vidare p\u00e5 en m\u00e5ng\u00e5rig tradition av pappersp\u00e5stillverkning. Vi \u00e4r en del av svensk industri med ett f\u00f6rvaltaransvar. Vi v\u00e4rnar om den lokala arbetskraften. Det ger oss en personlig och familj\u00e4r kultur som vi \u00e4r m\u00e5na om att ta vara p\u00e5. Att tillverka p\u00e5sar \u00e4r ett hantverk och hos oss jobbar dedikerade och yrkesskickliga medarbetare.<\/p>\n<p>Jonsac har mer \u00e4n 65 \u00e5rs erfarenhet av tillverkning av p\u00e5sar, s\u00e4ckar och emballage av papper. Erfarenhet som vi f\u00f6rvaltat och f\u00f6rfinat under \u00e5rens lopp f\u00f6r att bli den ledande akt\u00f6r vi idag \u00e4r p\u00e5 marknaden. I Otterb\u00e4cken vid V\u00e4nern, i v\u00e5r toppmoderna produktionsanl\u00e4ggning, tillverkar vi v\u00e4rldsledande s\u00e4ckar och e-handelsp\u00e5sar av papper. Pappersprodukter som tillverkas av certifierad tr\u00e4r\u00e5vara av l\u00e5ngsamt v\u00e4xande gran och tall vilket ger p\u00e5sar och s\u00e4ckar som \u00e4r b\u00e5de tunna och starka.<\/p>\n<p><b>OM JOBBET<\/b><br \/>Som sales support \u00e4r det din uppgift att bidra till att \u00f6ka f\u00f6retagens f\u00f6rs\u00e4ljning genom att bist\u00e5 kunder och s\u00e4ljorganisation med att handl\u00e4gga f\u00f6rfr\u00e5gningar, offerter, orders och grafiska jobb.<\/p>\n<p>I arbetet ing\u00e5r f\u00f6rs\u00e4ljning och teknisk r\u00e5dgivning mot nya och befintliga kunder och \u00f6vrigt st\u00f6d till s\u00e4ljorganisationen, fr\u00e4mst via telefon, e-post och brev.<\/p>\n<p>Vid tillf\u00e4lle \u00e4r du med och deltar i planeringen, samordningen och deltagandet av m\u00e4ssor, seminarier och andra kund- och leverant\u00f6rsaktiviteter. Du st\u00f6ttar kunder och s\u00e4ljare med prover och s\u00e4ljmaterial.<\/p>\n<p>Som sales support \u00e4r du med \u00f6vriga medarbetare med och bidrar till att utveckla verksamheten och att f\u00f6retagens m\u00e5l uppn\u00e5s. Du rapporterar till vd eller utsedd f\u00f6rs\u00e4ljningsansvarig.<\/p>\n<p>Du kommer \u00e4ven att arbeta med att:<\/p>\n<ul>\n<li>Analysera kundens krav, behov och \u00f6nskem\u00e5l utifr\u00e5n t.ex. tekniska specifikationer och ritningar \u2013 och vid behov vidarebefordra tekniska \u00e4renden till s\u00e4ljare eller f\u00f6rs\u00e4ljningsansvarig<\/li>\n<li>Informera och v\u00e4gleda kunder om produkter, tekniska egenskaper, priser och eventuella garanti\u00e5taganden<\/li>\n<li>Bereda, bevaka och f\u00f6lja upp projekt, offerter, \u00e5rsofferter och -avtal<\/li>\n<li>Koordinera grafiska arbeten i samr\u00e5d med kund, grafiska avdelningen och klich\u00e9tillverkare<\/li>\n<li>Ha en dialog om kapacitet, inneliggande orders och \u00f6vriga produktionsrelaterade fr\u00e5gor med produktionsenheten<\/li>\n<li>Uppr\u00e4tta och underh\u00e5lla prislistor och skapa prisstrukturer \u2013 i samr\u00e5d med vd f\u00f6rs\u00e4ljningsansvarig eller s\u00e4ljare<\/li>\n<li>Se till att relevant information om kunder och artiklar \u00e4r uppdaterade i Jeeves<\/li>\n<li>Omv\u00e4rldsbevaka marknaden avseende kunder, leverant\u00f6rer, konkurrenter, andra samarbetspartners<\/li>\n<li>Rapportera reklamationer, avvikelser och tillbud<\/li>\n<li>Arkivera \u00e4renden i s\u00e5v\u00e4l digital som fysisk form<\/li>\n<\/ul>\n<p><b>OM DIG<\/b><br \/>Vi tror att du \u00e4r en social och \u00f6ppen person som har l\u00e4tt f\u00f6r att skapa och uppr\u00e4tth\u00e5lla kontakter b\u00e5de internt och externt. Inte minst brinner du f\u00f6r f\u00f6rs\u00e4ljning, att ge excellent service och har en fallenhet f\u00f6r att planera och strukturera ditt arbete.<\/p>\n<p>Att hj\u00e4lpa och st\u00f6tta dina kollegor ser du som en sj\u00e4lvklarhet och du \u00e4r inte r\u00e4dd f\u00f6r att ta i eller p\u00e5verka din kompetensutveckling inom tj\u00e4nsten som sales support.<\/p>\n<p>Du beh\u00f6ver ha en god datorvana och kunna arbeta i Office-paketet. Det \u00e4r meriterande om du sedan tidigare har erfarenhet av f\u00f6rs\u00e4ljning och support.<\/p>\n<p><b>OM TJ\u00c4NSTEN OCH ANS\u00d6KAN<\/b><br \/>Norbag och Jonsac erbjuder ett stimulerande och utvecklande arbete i en v\u00e4xande och stabil koncern. Hos oss f\u00e5r du arbeta med trevliga kollegor och bli en viktig och betydelsefull del av verksamheten.<\/p>\n<p>Tj\u00e4nsten \u00e4r en tillsvidareanst\u00e4llning p\u00e5 heltid med m\u00e5nadsl\u00f6n efter \u00f6verenskommelse och placering p\u00e5 v\u00e5rt huvudkontor i G\u00f6teborg, bara tv\u00e5 kilometer fr\u00e5n Centralstationen. Arbetstider \u00e4r normalt klockan 08:00-16:30.<\/p>\n<p>L\u00e5ter det som en sp\u00e4nnande roll? Tveka inte att skicka din ans\u00f6kan s\u00e5 snart som m\u00f6jligt d\u00e5 vi behandlar ans\u00f6kningar l\u00f6pande!<\/p>\n<p>Sista ans\u00f6kningsdag \u00e4r den 8 augusti 2023 och tilltr\u00e4de sker enligt \u00f6verenskommelse.<\/p>\n<p>Skicka ditt CV, personliga brev och eventuella referenser till torbjorn.rodhe@norbag.com. Skulle det dyka upp n\u00e5gra fr\u00e5gor eller funderingar \u00e4r du givetvis v\u00e4lkommen att h\u00f6ra av dig.<\/p>\n<p><strong>Varmt v\u00e4lkommen med din ans\u00f6kan!<\/strong><\/p>\n<p><span><\/span><\/p>\n<p><span><\/span><\/p>\n<p>[\/et_pb_text][et_pb_divider divider_weight=&#8221;8px&#8221; _builder_version=&#8221;4.19.0&#8243; _module_preset=&#8221;default&#8221; custom_margin=&#8221;||-221px|||&#8221; global_colors_info=&#8221;{}&#8221;][\/et_pb_divider][et_pb_text _builder_version=&#8221;4.19.0&#8243; _module_preset=&#8221;default&#8221; custom_padding=&#8221;322px|||||&#8221; global_colors_info=&#8221;{}&#8221;]<\/p>\n<h1 class=\"wp-block-gds-entry-content__header-title size-xl\">Aff\u00e4rsdriven platschef till Jonsac i Otterb\u00e4cken<\/h1>\n<p>[\/et_pb_text][\/et_pb_column][\/et_pb_row][et_pb_row _builder_version=&#8221;4.19.0&#8243; _module_preset=&#8221;default&#8221; custom_margin=&#8221;-30px|auto||auto||&#8221; global_colors_info=&#8221;{}&#8221; disabled_on=&#8221;on|on|on&#8221; disabled=&#8221;on&#8221;][et_pb_column type=&#8221;4_4&#8243; _builder_version=&#8221;4.19.0&#8243; _module_preset=&#8221;default&#8221; global_colors_info=&#8221;{}&#8221;][et_pb_text _builder_version=&#8221;4.19.0&#8243; _module_preset=&#8221;default&#8221; global_colors_info=&#8221;{}&#8221;]<\/p>\n<p><span>Jonsac driver h\u00f6gintensiv produktion av industripapperss\u00e4ckar och e-handelss\u00e4ckar i Otterb\u00e4cken. Vi \u00e4r ett av fyra producerande bolag inom Tingstad Group som oms\u00e4tter drygt 3,6 miljarder. Vi befinner oss nu i en expansiv tillv\u00e4xtfas d\u00e4r vi ska ta Jonsacs tillverkning till nya h\u00f6jder \u2013 med b\u00e5de kvalitet och effektivitet som v\u00e5ra fr\u00e4msta ledord! Vi s\u00f6ker d\u00e4rmed en aff\u00e4rsdriven platschef som b\u00e5de vill f\u00f6rvalta v\u00e5r historia men som ocks\u00e5 vill utmana och utveckla verksamheten vidare!<\/span><\/p>\n<p><strong>Om oss<\/strong><\/p>\n<p>Jonsacs historia tar sin b\u00f6rjan 1957 d\u00e5 f\u00f6retaget grundas av ingenj\u00f6r John Follin-Johnson. Jonsac gick d\u00e5 under namnet Johnson Emballage och till en b\u00f6rjan tillverkades enbart industripapperss\u00e4ckar. Allteftersom tiden gick v\u00e4xte f\u00f6retaget och utvecklade sin produktionslinje med tillverkning av sops\u00e4ckar, plasts\u00e4ckar och pappersp\u00e5sar. Mycket har h\u00e4nt och m\u00e5nga \u00e5r har g\u00e5tt sedan starten. Under alla dessa \u00e5r har Jonsac varit en stark akt\u00f6r p\u00e5 marknaden \u2013 n\u00e5got vi b\u00e5de \u00e4r stolta \u00f6ver och som vi vill f\u00f6rvalta v\u00e4l. I dag \u00e4r vi v\u00e4rldsledande inom tillverkning av e-handelsp\u00e5sar av papper, tillverkade av nordisk FSC\u00ae-certifierad tr\u00e4r\u00e5vara. Med korta avst\u00e5nd mellan pappersmassafabriker och v\u00e5r tillverkning i en toppmodern maskinpark i Otterb\u00e4cken vid vackra V\u00e4nern, erbjuder vi marknadens mest n\u00e4rproducerade produkter. Produkter som \u00e4r redo att m\u00f6ta framtiden!<\/p>\n<p><strong>Om rollen<\/strong><\/p>\n<ul>\n<li>Resultat- och budgetansvar f\u00f6r fabriken<\/li>\n<li>Ha fullt personalansvar f\u00f6r 40 personer, varav 6 direktrapporterande<\/li>\n<li>Produktivitets- och kvalitetsansvar<\/li>\n<li>Aff\u00e4rsutveckling och vidareutveckla respektive maskinenhet<\/li>\n<li>Samarbeta med marknad\/f\u00f6rs\u00e4ljning, samt andra interna funktioner<\/li>\n<li>Ansvar f\u00f6r fastighetsunderh\u00e5ll och daglig drift<\/li>\n<li>Kontakt med Arbetsmilj\u00f6verket, fackliga organisationer, kommunen, leverant\u00f6rskontakter etc<\/li>\n<li>Arbetsmilj\u00f6ansvar<\/li>\n<\/ul>\n<p>Du kommer utg\u00e5 fr\u00e5n v\u00e5r fabrik i Otterb\u00e4cken och rapportera till v\u00e5r VD, Torbj\u00f6rn. Du kommer ocks\u00e5 ing\u00e5 i Jonsacs ledningsgrupp.<\/p>\n<p>S\u00e5 h\u00e4r beskriver Torbj\u00f6rn sitt ledarskap:<strong><\/strong><\/p>\n<p>\u201d<em>Jag har arbetat inom tillverkningsindustrin under hela min karri\u00e4r p\u00e5 ett eller annat s\u00e4tt, fast med utg\u00e5ngsl\u00e4ge inom f\u00f6rs\u00e4ljning och marknadsf\u00f6ring. F\u00f6r mig \u00e4r grunderna att det ska vara effektivt och kvalitativt. Jag f\u00f6rv\u00e4ntar mig hela tiden r\u00f6relse fram\u00e5t och jag \u00e4r enormt entrepren\u00f6rsdriven. Jag st\u00e5r f\u00f6r en trygg ledarskapsstil d\u00e4r man f\u00e5r ett utrymme att g\u00f6ra fel, men jag \u00e4r ocks\u00e5 rak och f\u00f6rv\u00e4ntar mig resultat. F\u00f6r mig \u00e4r det ocks\u00e5 viktigt att man ska leva som man l\u00e4r. Ut\u00f6ver en h\u00f6g leverans \u00e4r det s\u00e5klart ocks\u00e5 viktigt att ha kul p\u00e5 jobbet\u201d.<\/em><\/p>\n<p><strong>Din profil<\/strong><\/p>\n<p>Vi kommer l\u00e4gga stor vikt vid dina personliga egenskaper d\u00e5 det \u00e4r viktigt f\u00f6r oss att vi hittar n\u00e5gon som matchar oss lika mycket som det ska matcha dig. Vi s\u00f6ker dig som \u00e4r aff\u00e4rsdriven och som enkelt kan v\u00e4xla mellan ett operativt och strategiskt perspektiv. Vidare \u00e4r du ansvarstagande och l\u00f6sningsorienterad, samt har ett sinne f\u00f6r struktur. Du \u00e4r samtidigt en god beslutsfattare och r\u00e4ds inte f\u00f6r utmaningar d\u00e5 du ser dem som en m\u00f6jlighet till att v\u00e4xa, samt trivs i h\u00e4ndelserika klimat d\u00e4r varje ny dag \u00e4r en forts\u00e4ttning p\u00e5 g\u00e5rdagens \u00e4ventyr. Vi ser ocks\u00e5 att du \u00e4r trygg i dig sj\u00e4lv och i din roll som ledare, samt som p\u00e5 ett karismatiskt s\u00e4tt inspirerar dina medarbetare till f\u00f6r\u00e4ndring och utveckling.<\/p>\n<ul>\n<li>Har n\u00e5gra \u00e5rs ledarskapserfarenhet och \u00e4r trygg i rollen som ledare\/chef<\/li>\n<li>Har tidigare arbetat inom tillverkningsindustrin i en verksamhet med h\u00f6g produktionshastighet<\/li>\n<li>Har en stark aff\u00e4rsm\u00e4ssighet och erfarenhet av aff\u00e4rsutveckling<\/li>\n<li>Van att arbeta mot KPI:er och nyckeltal<\/li>\n<li>\u00c4r flytande i svenska i b\u00e5de tal och skrift, samt har goda kunskaper i engelska<\/li>\n<li>Meriterande med eftergymnasial utbildning inom logistik, som ingenj\u00f6r eller fr\u00e5n annat relevant omr\u00e5de<\/li>\n<li>Meriterande med erfarenhet inom logistik, IT och\/eller om du har kunskaper fr\u00e5n ERP-systemet Jeeves<\/li>\n<\/ul>\n<p><strong>Har vi v\u00e4ckt ditt intresse?\u00a0<\/strong><\/p>\n<p>Du s\u00f6ker enkelt med ditt CV eller din LinkedIn-profil p\u00e5 wise.se d\u00e4r du direkt f\u00e5r svara p\u00e5 tre till fem korta fr\u00e5gor.\u00a0Vi tar inte emot ans\u00f6kningar per mail.\u00a0<\/p>\n<p>Vi arbetar med kompetensbaserad rekrytering som metod. Det g\u00f6r vi i v\u00e5r str\u00e4van efter en mer potentialbaserad matchning. Vi ser d\u00e4rf\u00f6r g\u00e4rna s\u00f6kanden med olika bakgrunder, \u00e5ldrar och erfarenheter, eftersom vi vet att en bredare m\u00e5ngfald berikar var och en av oss och g\u00f6r oss b\u00e4ttre och smartare som organisation.\u202fOm du g\u00e5r vidare i processen kommer du inom n\u00e5gra dagar att f\u00e5 genomf\u00f6ra tv\u00e5 arbetspsykologiska tester. Testerna g\u00f6rs tidigt i processen eftersom vi vill s\u00e4kerst\u00e4lla ett objektivt, f\u00f6rdomsfritt och r\u00e4ttvist urvalsarbete. Vill du veta mer om v\u00e5rt tillv\u00e4gag\u00e5ngss\u00e4tt, l\u00e4s mer h\u00e4r \u2013\u202fhttps:\/\/www.wise.se\/fordjupningar\/kompetensbaserad-rekrytering\/.\u00a0\u00a0<\/p>\n<p>Har du fr\u00e5gor om processen eller rollen? Kontakta ansvarig rekryteringskonsult Jessica Tsch\u00f6p p\u00e5\u202fjessica.tschop@wise.se. Vi intervjuar l\u00f6pande s\u00e5 rollen kan tills\u00e4ttas f\u00f6re sista ans\u00f6kningsdatum.\u00a0\u00a0<\/p>\n<p><strong>Varmt v\u00e4lkommen med din ans\u00f6kan!\u00a0<\/strong><\/p>\n<div class=\"pnty-keywords\"><strong>F\u00f6rm\u00e5ner:<\/strong><span>\u00a0<\/span>Friskv\u00e5rd, F\u00f6rm\u00e5nsbil, Karri\u00e4rm\u00f6jligheter, Kollektivavtal, Personalrabatt<\/div>\n<p><span><\/span><\/p>\n<p><span><\/span><\/p>\n<p>[\/et_pb_text][\/et_pb_column][\/et_pb_row][et_pb_row _builder_version=&#8221;4.19.0&#8243; _module_preset=&#8221;default&#8221; module_alignment=&#8221;center&#8221; border_color_all=&#8221;#898989&#8243; global_colors_info=&#8221;{}&#8221;][et_pb_column type=&#8221;4_4&#8243; _builder_version=&#8221;4.19.0&#8243; _module_preset=&#8221;default&#8221; global_colors_info=&#8221;{}&#8221;][et_pb_button button_url=&#8221;https:\/\/pnty-apply.ponty-system.se\/wiseprofessionals?id=21440&#038;rf=1&#038;g=&#038;by=&#038;r=1&#038;_ga=2.133697350.950882124.1682330594-524091799.1682081757&#8243; button_text=&#8221;Ans\u00f6k nu&#8221; _builder_version=&#8221;4.19.0&#8243; _module_preset=&#8221;default&#8221; custom_button=&#8221;on&#8221; button_text_color=&#8221;#FFFFFF&#8221; button_bg_color=&#8221;#6b6b6b&#8221; button_border_color=&#8221;#6b6b6b&#8221; global_colors_info=&#8221;{}&#8221; disabled_on=&#8221;on|on|on&#8221; disabled=&#8221;on&#8221;][\/et_pb_button][\/et_pb_column][\/et_pb_row][\/et_pb_section]<\/p>\n","protected":false},"excerpt":{"rendered":"<p>Just nu har vi inga lediga tj\u00e4nsterSales support till Jonsac och NorbagNu s\u00f6ker vi en sales support till Jonsac och Norbag som \u00e4r en del av Tingstad Group. Brinner du f\u00f6r f\u00f6rs\u00e4ljning och vill vara en del av v\u00e5r sp\u00e4nnande tillv\u00e4xtresa? Ta chansen och ans\u00f6k idag! OM OSSI T\u00f6cksfors, bel\u00e4get i v\u00e4stra V\u00e4rmland, grundades Norbag. [&hellip;]<\/p>\n","protected":false},"author":5,"featured_media":0,"parent":0,"menu_order":0,"comment_status":"closed","ping_status":"closed","template":"","meta":{"_et_pb_use_builder":"on","_et_pb_old_content":"","_et_gb_content_width":"","_ti_tpc_template_sync":false,"_ti_tpc_template_id":"","footnotes":""},"class_list":["post-3479","page","type-page","status-publish","hentry"],"_links":{"self":[{"href":"https:\/\/www.jonsac.com\/se\/wp-json\/wp\/v2\/pages\/3479"}],"collection":[{"href":"https:\/\/www.jonsac.com\/se\/wp-json\/wp\/v2\/pages"}],"about":[{"href":"https:\/\/www.jonsac.com\/se\/wp-json\/wp\/v2\/types\/page"}],"author":[{"embeddable":true,"href":"https:\/\/www.jonsac.com\/se\/wp-json\/wp\/v2\/users\/5"}],"replies":[{"embeddable":true,"href":"https:\/\/www.jonsac.com\/se\/wp-json\/wp\/v2\/comments?post=3479"}],"version-history":[{"count":10,"href":"https:\/\/www.jonsac.com\/se\/wp-json\/wp\/v2\/pages\/3479\/revisions"}],"predecessor-version":[{"id":3611,"href":"https:\/\/www.jonsac.com\/se\/wp-json\/wp\/v2\/pages\/3479\/revisions\/3611"}],"wp:attachment":[{"href":"https:\/\/www.jonsac.com\/se\/wp-json\/wp\/v2\/media?parent=3479"}],"curies":[{"name":"wp","href":"https:\/\/api.w.org\/{rel}","templated":true}]}}