{"id":869,"date":"2022-11-17T10:40:58","date_gmt":"2022-11-17T09:40:58","guid":{"rendered":"http:\/\/dev.jonsac.com\/?page_id=869"},"modified":"2024-05-28T05:18:43","modified_gmt":"2024-05-28T05:18:43","slug":"miljo","status":"publish","type":"page","link":"https:\/\/www.jonsac.com\/se\/miljo\/","title":{"rendered":"Milj\u00f6"},"content":{"rendered":"<p>[et_pb_section fb_built=&#8221;1&#8243; _builder_version=&#8221;4.16&#8243; custom_padding=&#8221;35px|||||&#8221; global_colors_info=&#8221;{}&#8221;][et_pb_row column_structure=&#8221;1_2,1_2&#8243; _builder_version=&#8221;4.19.0&#8243; _module_preset=&#8221;default&#8221; custom_padding=&#8221;||0px|||&#8221; global_colors_info=&#8221;{}&#8221;][et_pb_column type=&#8221;1_2&#8243; _builder_version=&#8221;4.19.0&#8243; _module_preset=&#8221;default&#8221; global_colors_info=&#8221;{}&#8221;][et_pb_text _builder_version=&#8221;4.19.0&#8243; _module_preset=&#8221;default&#8221; global_colors_info=&#8221;{}&#8221;]<\/p>\n<p><span class=\"LineBreakBlob BlobObject DragDrop SCXW75661313 BCX0\">\u00a0<\/span><\/p>\n<h4 class=\"et_pb_module_header et-fb-editable-element et-fb-editable-element__editing\" data-shortcode-id=\"0.0.0.0-1671016673903\" data-quickaccess-id=\"header\">Kvalitet<\/h4>\n<p><span data-contrast=\"auto\" xml:lang=\"SV-SE\" lang=\"SV-SE\" class=\"TextRun SCXW75661313 BCX0\"><span class=\"NormalTextRun SCXW75661313 BCX0\">V\u00e5r policy som tillverkare och distribut\u00f6r av f\u00f6rpackningar och tillbeh\u00f6r \u00e4r att r\u00e4tt produkt och tj\u00e4nst ska levereras i r\u00e4tt kvalitet, vid r\u00e4tt tidpunkt, i r\u00e4tt kvantitet och\u00a0till r\u00e4tt plats.\u00a0<\/span><\/span><span class=\"LineBreakBlob BlobObject DragDrop SCXW75661313 BCX0\"><span class=\"SCXW75661313 BCX0\">\u00a0<\/span><br class=\"SCXW75661313 BCX0\" \/><\/span><span data-contrast=\"auto\" xml:lang=\"SV-SE\" lang=\"SV-SE\" class=\"TextRun SCXW75661313 BCX0\"><span class=\"NormalTextRun SCXW75661313 BCX0\">\u00a0<\/span><\/span><span class=\"LineBreakBlob BlobObject DragDrop SCXW75661313 BCX0\"><span class=\"SCXW75661313 BCX0\">\u00a0<\/span><br class=\"SCXW75661313 BCX0\" \/><\/span><span data-contrast=\"auto\" xml:lang=\"SV-SE\" lang=\"SV-SE\" class=\"TextRun SCXW75661313 BCX0\"><span class=\"NormalTextRun SCXW75661313 BCX0\">I v\u00e5rt arbete ska vi vara milj\u00f6medvetna och minimera negativa effekter p\u00e5 den omgivande milj\u00f6n och v\u00e4rna om en god milj\u00f6 f\u00f6r v\u00e5ra anst\u00e4llda samt f\u00f6r anv\u00e4ndarna av v\u00e5ra produkter.\u00a0<\/span><\/span><span class=\"LineBreakBlob BlobObject DragDrop SCXW75661313 BCX0\"><span class=\"SCXW75661313 BCX0\">\u00a0<\/span><br class=\"SCXW75661313 BCX0\" \/><\/span><span data-contrast=\"auto\" xml:lang=\"SV-SE\" lang=\"SV-SE\" class=\"TextRun SCXW75661313 BCX0\"><span class=\"NormalTextRun SCXW75661313 BCX0\">\u00a0<\/span><\/span><span class=\"LineBreakBlob BlobObject DragDrop SCXW75661313 BCX0\"><span class=\"SCXW75661313 BCX0\">\u00a0<\/span><br class=\"SCXW75661313 BCX0\" \/><\/span><span data-contrast=\"auto\" xml:lang=\"SV-SE\" lang=\"SV-SE\" class=\"TextRun SCXW75661313 BCX0\"><span class=\"NormalTextRun SCXW75661313 BCX0\">Genom v\u00e5ra arbetsmilj\u00f6aktiviteter vill vi \u00f6ka arbetstillfredsst\u00e4llelsen hos medarbetarna, s\u00e4nka sjukfr\u00e5nvaron och f\u00f6rb\u00e4ttra tillg\u00e4ngligheten. P\u00e5 s\u00e5 vis kan vi st\u00e4ndigt f\u00f6rb\u00e4ttra v\u00e5r kvalitet, flexibilitet och service till v\u00e5ra kunder.\u00a0<\/span><\/span><span class=\"LineBreakBlob BlobObject DragDrop SCXW75661313 BCX0\"><span class=\"SCXW75661313 BCX0\">\u00a0<\/span><br class=\"SCXW75661313 BCX0\" \/><\/span><span data-contrast=\"auto\" xml:lang=\"SV-SE\" lang=\"SV-SE\" class=\"TextRun SCXW75661313 BCX0\"><span class=\"NormalTextRun SCXW75661313 BCX0\">\u00a0<\/span><\/span><span class=\"LineBreakBlob BlobObject DragDrop SCXW75661313 BCX0\"><span class=\"SCXW75661313 BCX0\">\u00a0<\/span><br class=\"SCXW75661313 BCX0\" \/><\/span><span data-contrast=\"auto\" xml:lang=\"SV-SE\" lang=\"SV-SE\" class=\"TextRun SCXW75661313 BCX0\"><span class=\"NormalTextRun SCXW75661313 BCX0\">F\u00f6r att dokumentera v\u00e5r nuvarande m\u00e5ls\u00e4ttning \u2013 att kunden alltid ska f\u00e5 det den f\u00f6rv\u00e4ntar sig av v\u00e5ra produkter \u2013 arbetar vi med kvalitetsstyrningssystem enligt ISO 9001 och FSSC <\/span><span class=\"ContextualSpellingAndGrammarError SCXW75661313 BCX0\">22000<\/span><span class=\"NormalTextRun SCXW75661313 BCX0\">. V\u00e5rt arbete sker med den inriktningen att v\u00e5r produktion ska motsvara de milj\u00f6krav som bland andra livsmedelsindustrin st\u00e4ller p\u00e5 sitt emballage.\u00a0Vi \u00e4r certifierade enligt ISO 9001:2015 samt FSSC <\/span><span class=\"ContextualSpellingAndGrammarError SCXW75661313 BCX0\">22000<\/span><span class=\"NormalTextRun SCXW75661313 BCX0\">.\u00a0<\/span><\/span><\/p>\n<p>[\/et_pb_text][\/et_pb_column][et_pb_column type=&#8221;1_2&#8243; _builder_version=&#8221;4.19.0&#8243; _module_preset=&#8221;default&#8221; global_colors_info=&#8221;{}&#8221;][et_pb_image src=&#8221;http:\/\/www.jonsac.com\/wp-content\/uploads\/2022\/12\/5S5A9840.jpg&#8221; title_text=&#8221;5S5A9840&#8243; _builder_version=&#8221;4.19.0&#8243; _module_preset=&#8221;default&#8221; custom_margin=&#8221;||54px|||&#8221; global_colors_info=&#8221;{}&#8221;][\/et_pb_image][\/et_pb_column][\/et_pb_row][et_pb_row column_structure=&#8221;1_2,1_2&#8243; _builder_version=&#8221;4.19.0&#8243; _module_preset=&#8221;default&#8221; global_colors_info=&#8221;{}&#8221;][et_pb_column type=&#8221;1_2&#8243; _builder_version=&#8221;4.19.0&#8243; _module_preset=&#8221;default&#8221; global_colors_info=&#8221;{}&#8221;][et_pb_image src=&#8221;http:\/\/www.jonsac.com\/wp-content\/uploads\/2022\/12\/764045_5.png&#8221; title_text=&#8221;764045_5&#8243; _builder_version=&#8221;4.19.0&#8243; _module_preset=&#8221;default&#8221; global_colors_info=&#8221;{}&#8221;][\/et_pb_image][\/et_pb_column][et_pb_column type=&#8221;1_2&#8243; _builder_version=&#8221;4.19.0&#8243; _module_preset=&#8221;default&#8221; global_colors_info=&#8221;{}&#8221;][et_pb_text _builder_version=&#8221;4.19.0&#8243; _module_preset=&#8221;default&#8221; global_colors_info=&#8221;{}&#8221;]<\/p>\n<h4 class=\"et_pb_module_header et-fb-editable-element et-fb-editable-element__editing\" data-shortcode-id=\"0.0.0.0-1671016673903\" data-quickaccess-id=\"header\">Ett modernt emballage med l\u00e5ga utsl\u00e4pp<\/h4>\n<p><span data-contrast=\"auto\">E-handelsp\u00e5sar i papper och papperss\u00e4ckar utg\u00f6r b\u00e5da ett modernt emballage, som dessutom bidrar till den ekologiska balansen genom att r\u00e5varan till st\u00f6rre delen best\u00e5r av papper. Tillverkningen har l\u00e5g milj\u00f6belastning genom hela kedjan och vi limmar endast med st\u00e4rkelsebaserat lim och trycker med vattenbaserade tryckf\u00e4rger. <\/span><span data-ccp-props=\"{&quot;201341983&quot;:0,&quot;335559739&quot;:160,&quot;335559740&quot;:259}\">\u00a0<\/span><\/p>\n<p><span data-contrast=\"auto\">V\u00e5r n\u00e4rhet till r\u00e5varan fr\u00e5n skogsindustrin och marknaden g\u00f6r att transportavst\u00e5ndet minimeras vilket inneb\u00e4r att v\u00e5ra produkter har l\u00e5ga utsl\u00e4ppsniv\u00e5er av CO2.\u00a0<\/span><span><br \/><\/span><span><br \/><\/span><strong>\u00c5tervinningsbara plastprodukter<\/strong><span><br \/><\/span><span data-contrast=\"auto\">V\u00e5ra plastprodukter utg\u00f6rs av plasts\u00e4ckar, plastfolie och plastslang som tillverkas av polyeten vilket l\u00e4mpar sig v\u00e4l f\u00f6r \u00e5tervinning. Vid f\u00f6rbr\u00e4nning bildas av dessa produkter bildas koldioxid och vatten.\u00a0<\/span><span><br \/><\/span><span data-contrast=\"auto\">\u00a0<\/span><span><br \/><\/span><span data-contrast=\"auto\">Parallellt med produktutveckling ska \u00e4ven milj\u00f6program kopplas till respektive produktgrupp. Ansvaret f\u00f6ljer produkten hela dess livsl\u00e4ngd fram till \u00e5tervinningen, vilket \u00e4r ett sj\u00e4lvklart delmoment i dagens produktion. Arbetet med livscykelanalyser och Carbon Footprint f\u00f6r tillverkning och produkter p\u00e5g\u00e5r inom branschen genom bl.a. Eurosac och Innventia.<\/span><\/p>\n<p>[\/et_pb_text][\/et_pb_column][\/et_pb_row][et_pb_row column_structure=&#8221;1_2,1_2&#8243; _builder_version=&#8221;4.19.0&#8243; _module_preset=&#8221;default&#8221; custom_padding=&#8221;||0px|||&#8221; global_colors_info=&#8221;{}&#8221;][et_pb_column type=&#8221;1_2&#8243; _builder_version=&#8221;4.19.0&#8243; _module_preset=&#8221;default&#8221; global_colors_info=&#8221;{}&#8221;][et_pb_image src=&#8221;http:\/\/www.jonsac.com\/se\/wp-content\/uploads\/sites\/8\/2023\/02\/Jonsac-AB-Cerficate.png&#8221; title_text=&#8221;Jonsac AB Cerficate&#8221; url=&#8221;http:\/\/www.jonsac.com\/se\/wp-content\/uploads\/sites\/8\/2023\/02\/Jonsac-AB-Certificate-SE009034-9k-2023.pdf&#8221; _builder_version=&#8221;4.19.0&#8243; _module_preset=&#8221;default&#8221; custom_margin=&#8221;||54px|||&#8221; global_colors_info=&#8221;{}&#8221;][\/et_pb_image][\/et_pb_column][et_pb_column type=&#8221;1_2&#8243; _builder_version=&#8221;4.19.0&#8243; _module_preset=&#8221;default&#8221; global_colors_info=&#8221;{}&#8221;][\/et_pb_column][\/et_pb_row][\/et_pb_section]<\/p>\n","protected":false},"excerpt":{"rendered":"<p>\u00a0 Kvalitet V\u00e5r policy som tillverkare och distribut\u00f6r av f\u00f6rpackningar och tillbeh\u00f6r \u00e4r att r\u00e4tt produkt och tj\u00e4nst ska levereras i r\u00e4tt kvalitet, vid r\u00e4tt tidpunkt, i r\u00e4tt kvantitet och\u00a0till r\u00e4tt plats.\u00a0\u00a0\u00a0\u00a0I v\u00e5rt arbete ska vi vara milj\u00f6medvetna och minimera negativa effekter p\u00e5 den omgivande milj\u00f6n och v\u00e4rna om en god milj\u00f6 f\u00f6r v\u00e5ra anst\u00e4llda [&hellip;]<\/p>\n","protected":false},"author":2,"featured_media":0,"parent":0,"menu_order":0,"comment_status":"closed","ping_status":"closed","template":"","meta":{"_et_pb_use_builder":"on","_et_pb_old_content":"<!-- wp:image -->\n<figure class=\"wp-block-image\"><img alt=\"\"\/><\/figure>\n<!-- \/wp:image -->","_et_gb_content_width":"","_ti_tpc_template_sync":false,"_ti_tpc_template_id":"","footnotes":""},"class_list":["post-869","page","type-page","status-publish","hentry"],"_links":{"self":[{"href":"https:\/\/www.jonsac.com\/se\/wp-json\/wp\/v2\/pages\/869"}],"collection":[{"href":"https:\/\/www.jonsac.com\/se\/wp-json\/wp\/v2\/pages"}],"about":[{"href":"https:\/\/www.jonsac.com\/se\/wp-json\/wp\/v2\/types\/page"}],"author":[{"embeddable":true,"href":"https:\/\/www.jonsac.com\/se\/wp-json\/wp\/v2\/users\/2"}],"replies":[{"embeddable":true,"href":"https:\/\/www.jonsac.com\/se\/wp-json\/wp\/v2\/comments?post=869"}],"version-history":[{"count":3,"href":"https:\/\/www.jonsac.com\/se\/wp-json\/wp\/v2\/pages\/869\/revisions"}],"predecessor-version":[{"id":3584,"href":"https:\/\/www.jonsac.com\/se\/wp-json\/wp\/v2\/pages\/869\/revisions\/3584"}],"wp:attachment":[{"href":"https:\/\/www.jonsac.com\/se\/wp-json\/wp\/v2\/media?parent=869"}],"curies":[{"name":"wp","href":"https:\/\/api.w.org\/{rel}","templated":true}]}}